{"id":927,"date":"2019-04-04T21:41:14","date_gmt":"2019-04-05T02:41:14","guid":{"rendered":"http:\/\/ccec.com.ec\/?page_id=927"},"modified":"2025-06-09T12:07:09","modified_gmt":"2025-06-09T17:07:09","slug":"membresias","status":"publish","type":"page","link":"https:\/\/ccec.com.ec\/en\/membresias\/","title":{"rendered":"Membres\u00edas"},"content":{"rendered":"<div id='av_section_1' class='avia-section main_color avia-section-default avia-no-border-styling avia-full-stretch av-section-color-overlay-active avia-bg-style-scroll  avia-builder-el-0  el_before_av_textblock  avia-builder-el-first    av-minimum-height av-minimum-height-custom container_wrap fullsize' style='background-repeat: no-repeat; background-image: url(https:\/\/ccec.com.ec\/wp-content\/uploads\/2023\/08\/FONDO-MEMBRESIAS.png);background-attachment: scroll; background-position: center center;  '  data-section-bg-repeat='stretch'><div class='av-section-color-overlay-wrap'><div class='av-section-color-overlay' style='opacity: 0.6; '><\/div><div class='container' style='height:500px'><main  role=\"main\" itemprop=\"mainContentOfPage\"  class='template-page content  av-content-full alpha units'><div class='post-entry post-entry-type-page post-entry-927'><div class='entry-content-wrapper clearfix'>\n<\/div><\/div><\/main><!-- close content main element --><\/div><\/div><\/div><div id='after_section_1' class='main_color av_default_container_wrap container_wrap fullsize' style=' '  ><div class='container' ><div class='template-page content  av-content-full alpha units'><div class='post-entry post-entry-type-page post-entry-927'><div class='entry-content-wrapper clearfix'><section class=\"av_textblock_section\"  itemscope=\"itemscope\" itemtype=\"https:\/\/schema.org\/CreativeWork\" ><div class='avia_textblock'   itemprop=\"text\" ><p>Para hacerte socio de nuestra C\u00e1mara, necesitas descargar y llenar el <a href=\"http:\/\/ccec.com.ec\/wp-content\/uploads\/2019\/06\/MembershipRegistration.doc\">formulario<\/a>, envi\u00e1rnoslo lleno al correo <a href=\"mailto:servicios@ccec.com.ec\">servicios@ccec.com.ec<\/a>, junto con el certificado de RUC y copia de CI del representante legal de la empresa.<\/p>\n<p>We have an annual plan that fits your budget:<\/p>\n<\/div><\/section>\n<div class='avia-data-table-wrap avia_responsive_table'><table class='avia-table avia-data-table avia-table-1  avia-builder-el-2  el_after_av_textblock  el_before_av_textblock  membership-table avia_pricing_default'  itemscope=\"itemscope\" itemtype=\"https:\/\/schema.org\/Table\" ><tbody><tr class='avia-heading-row'><th class='avia-desc-col'>Beneficios<\/th><th class='avia-center-col'>$ 600 &#8211; REGULAR<\/th><th class='avia-center-col'>$ 900 &#8211; EJECUTIVO<\/th><th class='avia-center-col'>$ 1800 &#8211; PLATINO<\/th><\/tr><tr class=''><th class='avia-desc-col'>Networking entre los socios de la CCEC<\/th><td class='avia-center-col'>SI<\/td><td class='avia-center-col'>SI<\/td><td class='avia-center-col'>SI<\/td><\/tr><tr class=''><th class='avia-desc-col'>Recepci\u00f3n de Bolet\u00edn de Noticias<\/th><td class='avia-center-col'>SI<\/td><td class='avia-center-col'>SI<\/td><td class='avia-center-col'>SI<\/td><\/tr><tr class=''><th class='avia-desc-col'>Certificados de afiliaci\u00f3n<\/th><td class='avia-center-col'>SI<\/td><td class='avia-center-col'>SI<\/td><td class='avia-center-col'>SI<\/td><\/tr><tr class=''><th class='avia-desc-col'>Nombre de la empresa en el Directorio de la revista Views <\/th><td class='avia-center-col'>SI<\/td><td class='avia-center-col'>SI<\/td><td class='avia-center-col'>SI<\/td><\/tr><tr class=''><th class='avia-desc-col'>Descuento en eventos de la CCEC<\/th><td class='avia-center-col'>6%<\/td><td class='avia-center-col'>10%<\/td><td class='avia-center-col'>15%<\/td><\/tr><tr class=''><th class='avia-desc-col'>Asistir a Comit\u00e9s Sectoriales Estrat\u00e9gicos<\/th><td class='avia-center-col'>SI<\/td><td class='avia-center-col'>SI<\/td><td class='avia-center-col'>SI<\/td><\/tr><tr class=''><th class='avia-desc-col'>Acceso a uso de sala de reuniones <\/th><td class='avia-center-col'>Cualquier momento seg\u00fan disponibilidad<\/td><td class='avia-center-col'>Cualquier momento seg\u00fan disponibilidad<\/td><td class='avia-center-col'>Cualquier momento seg\u00fan disponibilidad<\/td><\/tr><tr class=''><th class='avia-desc-col'>Recepci\u00f3n de informaci\u00f3n de FECABE<\/th><td class='avia-center-col'>SI<\/td><td class='avia-center-col'>SI<\/td><td class='avia-center-col'>SI<\/td><\/tr><tr class=''><th class='avia-desc-col'>Difusi\u00f3n de los productos y servicios de su empresa<\/th><td class='avia-center-col'>a solicitud<\/td><td class='avia-center-col'>a solicitud<\/td><td class='avia-center-col'>a solicitud<\/td><\/tr><tr class=''><th class='avia-desc-col'>Coordinaci\u00f3n de consultas del \u00e1rea comercial con la Embajada de Canad\u00e1<\/th><td class='avia-center-col'>SI<\/td><td class='avia-center-col'>SI<\/td><td class='avia-center-col'>SI<\/td><\/tr><tr class=''><th class='avia-desc-col'>Inclusi\u00f3n como auspiciante a talleres de la CCEC presencia de marca (1 roll up)<\/th><td class='avia-center-col'>1 vez  al a\u00f1o<\/td><td class='avia-center-col'>2 veces al a\u00f1o<\/td><td class='avia-center-col'>3 veces al a\u00f1o<\/td><\/tr><tr class=''><th class='avia-desc-col'>Descuento en publicidad de la revista Views<\/th><td class='avia-center-col'>&#8211;<\/td><td class='avia-center-col'>10%<\/td><td class='avia-center-col'>15%<\/td><\/tr><tr class=''><th class='avia-desc-col'>Entrada a cada conferencia\/desayuno conversatorio de la CCEC<\/th><td class='avia-center-col'>&#8211;<\/td><td class='avia-center-col'>1 por trimestre<\/td><td class='avia-center-col'>1 a cada evento<\/td><\/tr><tr class=''><th class='avia-desc-col'>Lenguatec &#8211; capacitaci\u00f3n idiomas \/ traducciones \/ interpretaci\u00f3n \/ redacci\u00f3n<\/th><td class='avia-center-col'>10% paquetes corporativos + 5% traducciones<\/td><td class='avia-center-col'>15% paquetes corporativos + 10% traducciones<\/td><td class='avia-center-col'>20% paquetes corporativos + 10% traducciones + 10% redacci\u00f3n textos<\/td><\/tr><tr class=''><th class='avia-desc-col'>Proecuador &#8211; Asesor\u00eda en comercio<\/th><td class='avia-center-col'>SI<\/td><td class='avia-center-col'>SI<\/td><td class='avia-center-col'>SI<\/td><\/tr><tr class=''><th class='avia-desc-col'>Tarjeta beneficios socios (opcional si la empresa desea adquirir)<\/th><td class='avia-center-col'>SI<\/td><td class='avia-center-col'>SI<\/td><td class='avia-center-col'>SI<\/td><\/tr><tr class=''><th class='avia-desc-col'>PazHorowitz Abogados, descuento en asesor\u00eda legal<\/th><td class='avia-center-col'>9%<\/td><td class='avia-center-col'>12%<\/td><td class='avia-center-col'>15%<\/td><\/tr><tr class=''><th class='avia-desc-col'>Descuento en la asesor\u00eda en la aplicaci\u00f3n para Visa de Canad\u00e1 (on-line y presencial)<\/th><td class='avia-center-col'>10%<\/td><td class='avia-center-col'>10%<\/td><td class='avia-center-col'>10%<\/td><\/tr><tr class=''><th class='avia-desc-col'>Participar conjuntamente en conferencias, publicaciones, capacitaciones y temas de responsabilidad social<\/th><td class='avia-center-col'>SI<\/td><td class='avia-center-col'>SI<\/td><td class='avia-center-col'>SI<\/td><\/tr><tr class=''><th class='avia-desc-col'>Descuento en alojamiento (sobre tarifa publicada) Hilton Col\u00f3n Quito<\/th><td class='avia-center-col'>Deluxe Rooms<br \/>\n47.84%<br \/>\n49.09%<\/p>\n<p>Executive Rooms<br \/>\n50.20%<br \/>\n50.20%<\/p>\n<p>Suites<br \/>\n52.04%<br \/>\n51.90%<\/p>\n<p>Executive Suites<br \/>\n51.72%<br \/>\n54.00%<br \/>\n57.00%<\/p>\n<p><\/td><td class='avia-center-col'>Deluxe Rooms<br \/>\n47.84%<br \/>\n49.09%<\/p>\n<p>Executive Rooms<br \/>\n50.20%<br \/>\n50.20%<\/p>\n<p>Suites<br \/>\n52.04%<br \/>\n51.90%<\/p>\n<p>Executive Suites<br \/>\n51.72%<br \/>\n54.00%<br \/>\n57.00%<\/td><td class='avia-center-col'>Deluxe Rooms<br \/>\n47.84%<br \/>\n49.09%<\/p>\n<p>Executive Rooms<br \/>\n50.20%<br \/>\n50.20%<\/p>\n<p>Suites<br \/>\n52.04%<br \/>\n51.90%<\/p>\n<p>Executive Suites<br \/>\n51.72%<br \/>\n54.00%<br \/>\n57.00%<\/td><\/tr><tr class=''><th class='avia-desc-col'>Mesa exclusiva de cortes\u00eda para 8 personas durante el Stampede Breakfast y 8 entradas, sin perjuicio de las entradas ofrecidas en caso de ser auspiciante<\/th><td class='avia-center-col'>N\/A<\/td><td class='avia-center-col'>N\/A<\/td><td class='avia-center-col'>SI<\/td><\/tr><tr class=''><th class='avia-desc-col'>2 entradas de cortes\u00eda para el Thanksgiving Diner, sin perjuicio de las entradas ofrecidas en caso de ser auspiciante<\/th><td class='avia-center-col'>N\/A<\/td><td class='avia-center-col'>SI<\/td><td class='avia-center-col'>N\/A<\/td><\/tr><tr class=''><th class='avia-desc-col'>Co-organizar un evento con la CCEC Quito y presentar un speaker <\/th><td class='avia-center-col'>N\/A<\/td><td class='avia-center-col'>N\/A<\/td><td class='avia-center-col'>SI<\/td><\/tr><tr class=''><th class='avia-desc-col'>Mesa de informaci\u00f3n en un evento a elecci\u00f3n<\/th><td class='avia-center-col'>N\/A<\/td><td class='avia-center-col'>SI<\/td><td class='avia-center-col'>N\/A<\/td><\/tr><tr class=''><th class='avia-desc-col'>1 p\u00e1gina completa en la revista VIEWS<\/th><td class='avia-center-col'>N\/A<\/td><td class='avia-center-col'>N\/A<\/td><td class='avia-center-col'>SI<\/td><\/tr><tr class=''><th class='avia-desc-col'>Media p\u00e1gina derecha en la revista VIEWS<\/th><td class='avia-center-col'>N\/A<\/td><td class='avia-center-col'>SI<\/td><td class='avia-center-col'>N\/A<\/td><\/tr><\/tbody><\/table><\/div><style type='text\/css'>.avia-table-1 td:nth-of-type(0):before { content: 'Beneficios'; } .avia-table-1 td:nth-of-type(1):before { content: '$ 600 \u2013 REGULAR'; } .avia-table-1 td:nth-of-type(2):before { content: '$ 900 \u2013 EJECUTIVO'; } .avia-table-1 td:nth-of-type(3):before { content: '$ 1800 \u2013 PLATINO'; } <\/style>\n<section class=\"av_textblock_section\"  itemscope=\"itemscope\" itemtype=\"https:\/\/schema.org\/CreativeWork\" ><div class='avia_textblock'   itemprop=\"text\" ><p>Preg\u00fantanos sobre nuestros paquetes especiales para Instituciones Educativas, Ex-Alumnos de Canad\u00e1 y Residentes Canadienses en Ecuador.<\/p>\n<\/div><\/section>","protected":false},"excerpt":{"rendered":"Para hacerte socio de nuestra C\u00e1mara, necesitas descargar y llenar el formulario, envi\u00e1rnoslo lleno al correo servicios@ccec.com.ec, junto con el certificado de RUC y copia de CI del representante legal de la empresa. Tenemos el plan anual que se ajusta a tu presupuesto: Beneficios$ 600 - REGULAR$ 900 - EJECUTIVO$ 1800 - PLATINONetworking entre los [...]","protected":false},"author":1,"featured_media":0,"parent":0,"menu_order":0,"comment_status":"closed","ping_status":"closed","template":"","meta":{"footnotes":""},"class_list":["post-927","page","type-page","status-publish","hentry"],"_links":{"self":[{"href":"https:\/\/ccec.com.ec\/en\/wp-json\/wp\/v2\/pages\/927","targetHints":{"allow":["GET"]}}],"collection":[{"href":"https:\/\/ccec.com.ec\/en\/wp-json\/wp\/v2\/pages"}],"about":[{"href":"https:\/\/ccec.com.ec\/en\/wp-json\/wp\/v2\/types\/page"}],"author":[{"embeddable":true,"href":"https:\/\/ccec.com.ec\/en\/wp-json\/wp\/v2\/users\/1"}],"replies":[{"embeddable":true,"href":"https:\/\/ccec.com.ec\/en\/wp-json\/wp\/v2\/comments?post=927"}],"version-history":[{"count":12,"href":"https:\/\/ccec.com.ec\/en\/wp-json\/wp\/v2\/pages\/927\/revisions"}],"predecessor-version":[{"id":2852,"href":"https:\/\/ccec.com.ec\/en\/wp-json\/wp\/v2\/pages\/927\/revisions\/2852"}],"wp:attachment":[{"href":"https:\/\/ccec.com.ec\/en\/wp-json\/wp\/v2\/media?parent=927"}],"curies":[{"name":"wp","href":"https:\/\/api.w.org\/{rel}","templated":true}]}}