{"id":2382,"date":"2023-06-13T15:30:19","date_gmt":"2023-06-13T20:30:19","guid":{"rendered":"http:\/\/ccec.com.ec\/?page_id=2382"},"modified":"2025-12-03T11:52:11","modified_gmt":"2025-12-03T16:52:11","slug":"coworking","status":"publish","type":"page","link":"https:\/\/ccec.com.ec\/en\/coworking\/","title":{"rendered":"Business Center"},"content":{"rendered":"<div id='av_section_1' class='avia-section main_color avia-section-default avia-no-border-styling avia-full-stretch avia-bg-style-scroll  avia-builder-el-0  el_before_av_one_half  avia-builder-el-first    av-minimum-height av-minimum-height-custom container_wrap fullsize' style='background-repeat: no-repeat; background-image: url(https:\/\/ccec.com.ec\/wp-content\/uploads\/2023\/08\/FONDO-DEFINITIVO-BUSINESS-1.png);background-attachment: scroll; background-position: center center;  '  data-section-bg-repeat='stretch'><div class='container' style='height:500px'><main  role=\"main\" itemprop=\"mainContentOfPage\"  class='template-page content  av-content-full alpha units'><div class='post-entry post-entry-type-page post-entry-2382'><div class='entry-content-wrapper clearfix'><\/div><\/div><\/main><!-- close content main element --><\/div><\/div><div id='after_section_1' class='main_color av_default_container_wrap container_wrap fullsize' style=' '  ><div class='container' ><div class='template-page content  av-content-full alpha units'><div class='post-entry post-entry-type-page post-entry-2382'><div class='entry-content-wrapper clearfix'>\n<div class=\"flex_column av_one_half  flex_column_div av-zero-column-padding first  avia-builder-el-1  el_after_av_section  el_before_av_one_half  avia-builder-el-first\" style='border-radius:0px; '><section class=\"av_textblock_section\"  itemscope=\"itemscope\" itemtype=\"https:\/\/schema.org\/CreativeWork\" ><div class='avia_textblock'   itemprop=\"text\" ><h1>About Us<\/h1>\n<p style=\"text-align: justify;\">The Business Center of the Ecuadorian-Canadian Chamber of Commerce in Quito provides a dynamic and versatile space that drives the growth of your business. With a vision rooted in excellence and collaboration, we have created an environment conducive to entrepreneurs and professionals seeking to expand their business horizons. Our range of services includes co-working spaces designed to foster innovation, modern meeting rooms that enhance productivity, and spacious offices with various amenities.<\/p>\n<\/div><\/section><\/div>\n<div class=\"flex_column av_one_half  flex_column_div av-zero-column-padding   avia-builder-el-3  el_after_av_one_half  el_before_av_hr\" style='border-radius:0px; '><div class='avia-video avia-video-16-9 avia-video-html5'   itemprop=\"video\" itemtype=\"https:\/\/schema.org\/VideoObject\"  data-original_url='http:\/\/ccec.com.ec\/wp-content\/uploads\/2023\/08\/WhatsApp-Video-2023-08-08-at-13.22.47-4.mp4' ><video class=\"avia_video\"   loop preload=\"metadata\"  controls id=\"player_2382_313513717_1451364344\" >\t<source src=\"http:\/\/ccec.com.ec\/wp-content\/uploads\/2023\/08\/WhatsApp-Video-2023-08-08-at-13.22.47-4.mp4\" type=\"video\/mp4\" \/><\/video><\/div><br \/>\n<\/p><\/div><div  class='hr hr-default   avia-builder-el-6  el_after_av_one_half  el_before_av_heading'><span class='hr-inner' ><span class='hr-inner-style'><\/span><\/span><\/div>\n<div style='padding-bottom:12px; ' class='av-special-heading av-special-heading-h2  blockquote modern-quote modern-centered  avia-builder-el-7  el_after_av_hr  el_before_av_masonry_gallery  avia-builder-el-last'><h2 class='av-special-heading-tag'  itemprop=\"headline\"  >EXPLORE OUR SPACE<\/h2><div class='special-heading-border'><div class='special-heading-inner-border' ><\/div><\/div><\/div>\n<div id='av-masonry-1' class='av-masonry  noHover av-fixed-size av-1px-gap av-hover-overlay- av-masonry-animation-active av-masonry-col-flexible av-caption-always av-caption-style- av-masonry-gallery'  ><div class='av-masonry-container isotope av-js-disabled' ><div class='av-masonry-entry isotope-item av-masonry-item-no-image'><\/div><a href=\"https:\/\/ccec.com.ec\/wp-content\/uploads\/2023\/08\/IMG_8015-1030x687.jpg\" id='av-masonry-1-item-2704' data-av-masonry-item='2704' class='av-masonry-entry isotope-item post-2704 attachment type-attachment status-inherit hentry  av-masonry-item-with-image' title=\"IMG_8015\"  itemprop=\"thumbnailUrl\" ><div class='av-inner-masonry-sizer'><\/div><figure class='av-inner-masonry main_color'><div class=\"av-masonry-outerimage-container\"><div class=\"av-masonry-image-container\" style=\"background-image: url(https:\/\/ccec.com.ec\/wp-content\/uploads\/2023\/08\/IMG_8015-705x470.jpg);\" title=\"IMG_8015\" ><\/div><\/div><\/figure><\/a><!--end av-masonry entry--><a href=\"https:\/\/ccec.com.ec\/wp-content\/uploads\/2023\/08\/IMG_7973-1030x687.jpg\" id='av-masonry-1-item-2705' data-av-masonry-item='2705' class='av-masonry-entry isotope-item post-2705 attachment type-attachment status-inherit hentry  av-masonry-item-with-image' title=\"IMG_7973\"  itemprop=\"thumbnailUrl\" ><div class='av-inner-masonry-sizer'><\/div><figure class='av-inner-masonry main_color'><div class=\"av-masonry-outerimage-container\"><div class=\"av-masonry-image-container\" style=\"background-image: url(https:\/\/ccec.com.ec\/wp-content\/uploads\/2023\/08\/IMG_7973-705x470.jpg);\" title=\"IMG_7973\" ><\/div><\/div><\/figure><\/a><!--end av-masonry entry--><a href=\"https:\/\/ccec.com.ec\/wp-content\/uploads\/2023\/08\/IMG_7954-1030x687.jpg\" id='av-masonry-1-item-2706' data-av-masonry-item='2706' class='av-masonry-entry isotope-item post-2706 attachment type-attachment status-inherit hentry  av-masonry-item-with-image' title=\"IMG_7954\"  itemprop=\"thumbnailUrl\" ><div class='av-inner-masonry-sizer'><\/div><figure class='av-inner-masonry main_color'><div class=\"av-masonry-outerimage-container\"><div class=\"av-masonry-image-container\" style=\"background-image: url(https:\/\/ccec.com.ec\/wp-content\/uploads\/2023\/08\/IMG_7954-705x470.jpg);\" title=\"IMG_7954\" ><\/div><\/div><\/figure><\/a><!--end av-masonry entry--><a href=\"https:\/\/ccec.com.ec\/wp-content\/uploads\/2023\/08\/IMG_79531-1030x687.jpg\" id='av-masonry-1-item-2707' data-av-masonry-item='2707' class='av-masonry-entry isotope-item post-2707 attachment type-attachment status-inherit hentry  av-masonry-item-with-image' title=\"IMG_7953(1)\"  itemprop=\"thumbnailUrl\" ><div class='av-inner-masonry-sizer'><\/div><figure class='av-inner-masonry main_color'><div class=\"av-masonry-outerimage-container\"><div class=\"av-masonry-image-container\" style=\"background-image: url(https:\/\/ccec.com.ec\/wp-content\/uploads\/2023\/08\/IMG_79531-705x470.jpg);\" title=\"IMG_7953(1)\" ><\/div><\/div><\/figure><\/a><!--end av-masonry entry--><a href=\"https:\/\/ccec.com.ec\/wp-content\/uploads\/2023\/08\/IMG_79501-1030x687.jpg\" id='av-masonry-1-item-2708' data-av-masonry-item='2708' class='av-masonry-entry isotope-item post-2708 attachment type-attachment status-inherit hentry  av-masonry-item-with-image' title=\"IMG_7950(1)\"  itemprop=\"thumbnailUrl\" ><div class='av-inner-masonry-sizer'><\/div><figure class='av-inner-masonry main_color'><div class=\"av-masonry-outerimage-container\"><div class=\"av-masonry-image-container\" style=\"background-image: url(https:\/\/ccec.com.ec\/wp-content\/uploads\/2023\/08\/IMG_79501-705x470.jpg);\" title=\"IMG_7950(1)\" ><\/div><\/div><\/figure><\/a><!--end av-masonry entry--><a href=\"https:\/\/ccec.com.ec\/wp-content\/uploads\/2023\/08\/IMG_7941-1030x687.jpg\" id='av-masonry-1-item-2709' data-av-masonry-item='2709' class='av-masonry-entry isotope-item post-2709 attachment type-attachment status-inherit hentry  av-masonry-item-with-image' title=\"IMG_7941\"  itemprop=\"thumbnailUrl\" ><div class='av-inner-masonry-sizer'><\/div><figure class='av-inner-masonry main_color'><div class=\"av-masonry-outerimage-container\"><div class=\"av-masonry-image-container\" style=\"background-image: url(https:\/\/ccec.com.ec\/wp-content\/uploads\/2023\/08\/IMG_7941-705x470.jpg);\" title=\"IMG_7941\" ><\/div><\/div><\/figure><\/a><!--end av-masonry entry--><a href=\"https:\/\/ccec.com.ec\/wp-content\/uploads\/2023\/08\/IMG_7940-1030x687.jpg\" id='av-masonry-1-item-2710' data-av-masonry-item='2710' class='av-masonry-entry isotope-item post-2710 attachment type-attachment status-inherit hentry  av-masonry-item-with-image' title=\"IMG_7940\"  itemprop=\"thumbnailUrl\" ><div class='av-inner-masonry-sizer'><\/div><figure class='av-inner-masonry main_color'><div class=\"av-masonry-outerimage-container\"><div class=\"av-masonry-image-container\" style=\"background-image: url(https:\/\/ccec.com.ec\/wp-content\/uploads\/2023\/08\/IMG_7940-705x470.jpg);\" title=\"IMG_7940\" ><\/div><\/div><\/figure><\/a><!--end av-masonry entry--><a href=\"https:\/\/ccec.com.ec\/wp-content\/uploads\/2023\/08\/IMG_8009-1030x687.jpg\" id='av-masonry-1-item-2711' data-av-masonry-item='2711' class='av-masonry-entry isotope-item post-2711 attachment type-attachment status-inherit hentry  av-masonry-item-with-image' title=\"IMG_8009\"  itemprop=\"thumbnailUrl\" ><div class='av-inner-masonry-sizer'><\/div><figure class='av-inner-masonry main_color'><div class=\"av-masonry-outerimage-container\"><div class=\"av-masonry-image-container\" style=\"background-image: url(https:\/\/ccec.com.ec\/wp-content\/uploads\/2023\/08\/IMG_8009-705x470.jpg);\" title=\"IMG_8009\" ><\/div><\/div><\/figure><\/a><!--end av-masonry entry--><\/div><\/div>\n<div  class='hr hr-default   avia-builder-el-9  el_after_av_masonry_gallery  el_before_av_heading  avia-builder-el-first'><span class='hr-inner' ><span class='hr-inner-style'><\/span><\/span><\/div>\n<div style='padding-bottom:12px; ' class='av-special-heading av-special-heading-h2  blockquote modern-quote  avia-builder-el-10  el_after_av_hr  el_before_av_one_third'><h2 class='av-special-heading-tag'  itemprop=\"headline\"  >We offer:<\/h2><div class='special-heading-border'><div class='special-heading-inner-border' ><\/div><\/div><\/div>\n<div class=\"flex_column av_one_third  flex_column_div av-zero-column-padding first  avia-builder-el-11  el_after_av_heading  el_before_av_one_third\" style='border-radius:0px; '><div class='avia-image-container  av-styling-    avia-builder-el-12  avia-builder-el-no-sibling   avia-align-center'  itemprop=\"image\" itemscope=\"itemscope\" itemtype=\"https:\/\/schema.org\/ImageObject\"  ><div class='avia-image-container-inner'><div class='avia-image-overlay-wrap'><img class='avia_image' src='https:\/\/ccec.com.ec\/wp-content\/uploads\/2023\/08\/Diseno-sin-titulo8-180x180.png' alt='' title='Dise\u00f1o sin t\u00edtulo(8)' height=\"180\" width=\"180\"  itemprop=\"thumbnailUrl\"  \/><\/div><\/div><\/div><\/div>\n<div class=\"flex_column av_one_third  flex_column_div av-zero-column-padding   avia-builder-el-13  el_after_av_one_third  el_before_av_one_third\" style='border-radius:0px; '><div class='avia-image-container  av-styling-    avia-builder-el-14  avia-builder-el-no-sibling   avia-align-center'  itemprop=\"image\" itemscope=\"itemscope\" itemtype=\"https:\/\/schema.org\/ImageObject\"  ><div class='avia-image-container-inner'><div class='avia-image-overlay-wrap'><img class='avia_image' src='https:\/\/ccec.com.ec\/wp-content\/uploads\/2023\/08\/Diseno-sin-titulo9-180x180.png' alt='' title='Dise\u00f1o sin t\u00edtulo(9)' height=\"180\" width=\"180\"  itemprop=\"thumbnailUrl\"  \/><\/div><\/div><\/div><\/div>\n<div class=\"flex_column av_one_third  flex_column_div av-zero-column-padding   avia-builder-el-15  el_after_av_one_third  el_before_av_hr\" style='border-radius:0px; '><div class='avia-image-container  av-styling-    avia-builder-el-16  avia-builder-el-no-sibling   avia-align-center'  itemprop=\"image\" itemscope=\"itemscope\" itemtype=\"https:\/\/schema.org\/ImageObject\"  ><div class='avia-image-container-inner'><div class='avia-image-overlay-wrap'><img class='avia_image' src='https:\/\/ccec.com.ec\/wp-content\/uploads\/2023\/08\/Diseno-sin-titulo10-180x180.png' alt='' title='Dise\u00f1o sin t\u00edtulo(10)' height=\"180\" width=\"180\"  itemprop=\"thumbnailUrl\"  \/><\/div><\/div><\/div><\/div>\n<div  class='hr hr-default   avia-builder-el-17  el_after_av_one_third  el_before_av_heading'><span class='hr-inner' ><span class='hr-inner-style'><\/span><\/span><\/div>\n<div style='padding-bottom:12px; ' class='av-special-heading av-special-heading-h2  blockquote modern-quote  avia-builder-el-18  el_after_av_hr  el_before_av_heading'><h2 class='av-special-heading-tag'  itemprop=\"headline\"  >Location <\/h2><div class='special-heading-border'><div class='special-heading-inner-border' ><\/div><\/div><\/div>\n<div style='padding-bottom:12px; ' class='av-special-heading av-special-heading-h3  blockquote modern-quote  avia-builder-el-19  el_after_av_heading  el_before_av_one_full'><h3 class='av-special-heading-tag'  itemprop=\"headline\"  >C\u00e1mara de Comercio Ecuatoriano-Canadiense Inglaterra 1373 y Amazonas. Edifico Centro Ejecutivo. Oficina 201<\/h3><div class='special-heading-border'><div class='special-heading-inner-border' ><\/div><\/div><\/div>\n<div class=\"flex_column av_one_full  flex_column_div av-zero-column-padding first  avia-builder-el-20  el_after_av_heading  avia-builder-el-last\" style='border-radius:0px; '><div class='avia-image-container  av-styling-    avia-builder-el-21  avia-builder-el-no-sibling   avia-align-center'  itemprop=\"image\" itemscope=\"itemscope\" itemtype=\"https:\/\/schema.org\/ImageObject\"  ><div class='avia-image-container-inner'><div class='avia-image-overlay-wrap'><img loading=\"lazy\" class='avia_image' src='https:\/\/ccec.com.ec\/wp-content\/uploads\/2023\/08\/WhatsApp-Image-2023-08-03-at-3.21.05-PM.jpeg' alt='' title='WhatsApp Image 2023-08-03 at 3.21.05 PM' height=\"407\" width=\"1366\"  itemprop=\"thumbnailUrl\"  \/><\/div><\/div><\/div><\/div>","protected":false},"excerpt":{"rendered":"Sobre Nosotros Business Center de la C\u00e1mara de Comercio Ecuatoriano-Canadiense Quito brinda un espacio din\u00e1mico y vers\u00e1til que impulsa el crecimiento de tu negocio. Con una visi\u00f3n establecida en la excelencia y la colaboraci\u00f3n, hemos creado un entorno propicio para empresarios y profesionales que buscan expandir sus horizontes comerciales. Nuestra gama de servicios incluye espacios [...]","protected":false},"author":2,"featured_media":0,"parent":0,"menu_order":0,"comment_status":"closed","ping_status":"closed","template":"","meta":{"footnotes":""},"class_list":["post-2382","page","type-page","status-publish","hentry"],"_links":{"self":[{"href":"https:\/\/ccec.com.ec\/en\/wp-json\/wp\/v2\/pages\/2382","targetHints":{"allow":["GET"]}}],"collection":[{"href":"https:\/\/ccec.com.ec\/en\/wp-json\/wp\/v2\/pages"}],"about":[{"href":"https:\/\/ccec.com.ec\/en\/wp-json\/wp\/v2\/types\/page"}],"author":[{"embeddable":true,"href":"https:\/\/ccec.com.ec\/en\/wp-json\/wp\/v2\/users\/2"}],"replies":[{"embeddable":true,"href":"https:\/\/ccec.com.ec\/en\/wp-json\/wp\/v2\/comments?post=2382"}],"version-history":[{"count":54,"href":"https:\/\/ccec.com.ec\/en\/wp-json\/wp\/v2\/pages\/2382\/revisions"}],"predecessor-version":[{"id":3580,"href":"https:\/\/ccec.com.ec\/en\/wp-json\/wp\/v2\/pages\/2382\/revisions\/3580"}],"wp:attachment":[{"href":"https:\/\/ccec.com.ec\/en\/wp-json\/wp\/v2\/media?parent=2382"}],"curies":[{"name":"wp","href":"https:\/\/api.w.org\/{rel}","templated":true}]}}