{"id":1886,"date":"2020-04-15T02:01:49","date_gmt":"2020-04-15T07:01:49","guid":{"rendered":"http:\/\/ccec.com.ec\/?page_id=1886"},"modified":"2020-06-04T15:44:03","modified_gmt":"2020-06-04T20:44:03","slug":"mineria","status":"publish","type":"page","link":"https:\/\/ccec.com.ec\/en\/mineria\/","title":{"rendered":"Mining"},"content":{"rendered":"<div id='full_slider_1' class='avia-fullwidth-slider main_color avia-shadow   avia-builder-el-0  el_before_av_two_third  avia-builder-el-first   container_wrap fullsize' style=' '  ><div  data-size='entry_without_sidebar'  data-lightbox_size='large'  data-animation='slide'  data-conditional_play=''  data-ids='1887'  data-video_counter='0'  data-autoplay='false'  data-bg_slider='false'  data-slide_height=''  data-handle='av_slideshow_full'  data-interval='1'  data-class=' '  data-css_id=''  data-scroll_down=''  data-control_layout='av-control-default'  data-custom_markup=''  data-perma_caption=''  data-autoplay_stopper=''  data-image_attachment=''  data-min_height='0px'  data-src=''  data-position='top left'  data-repeat='no-repeat'  data-attach='scroll'  data-stretch=''  data-default-height='34.95867768595'  class='avia-slideshow avia-slideshow-1  av-control-default av-default-height-applied avia-slideshow-entry_without_sidebar av_slideshow_full   avia-slide-slider'  itemprop=\"image\" itemscope=\"itemscope\" itemtype=\"https:\/\/schema.org\/ImageObject\" ><ul class='avia-slideshow-inner' style='padding-bottom: 34.95867768595%;' ><li  class='av-single-slide slide-1' ><div data-rel='slideshow-1' class='avia-slide-wrap'   ><img src='https:\/\/ccec.com.ec\/wp-content\/uploads\/2020\/04\/mineria.grande.jpg' width='1210' height='423' title='mineria.grande' alt=''  itemprop=\"thumbnailUrl\"   \/><\/div><\/li><\/ul><\/div><\/div><div id='after_full_slider_1' class='main_color av_default_container_wrap container_wrap fullsize' style=' '  ><div class='container' ><div class='template-page content  av-content-full alpha units'><div class='post-entry post-entry-type-page post-entry-1886'><div class='entry-content-wrapper clearfix'>\n<div class=\"flex_column av_two_third  flex_column_div av-zero-column-padding first  avia-builder-el-1  el_after_av_slideshow_full  el_before_av_one_third  avia-builder-el-first\" style='border-radius:0px; '><div style='padding-bottom:10px; ' class='av-special-heading av-special-heading-h2    avia-builder-el-2  el_before_av_textblock  avia-builder-el-first'><h2 class='av-special-heading-tag'  itemprop=\"headline\"  >Mining<\/h2><div class='special-heading-border'><div class='special-heading-inner-border' ><\/div><\/div><\/div><br \/>\n<section class=\"av_textblock_section\"  itemscope=\"itemscope\" itemtype=\"https:\/\/schema.org\/CreativeWork\" ><div class='avia_textblock'   itemprop=\"text\" ><p style=\"text-align: justify;\"><span style=\"color: #333333;\">Ecuador es pa\u00eds rico en minerales (oro, plata, cobre, molibdeno, entre otros) por lo que la mayor cantidad de empresas de talla internacional y con renombre han venido al pa\u00eds a invertir en este sector.<\/span><\/p>\n<p style=\"text-align: justify;\">En la actualidad no m\u00e1s del 5% del territorio minero ecuatoriano ha sido explorado y un porcentaje menor ha sido explotado, por lo que se calcula que una extensi\u00f3n total de 654.000 hect\u00e1reas para el desarrollo de proyectos mineros met\u00e1licos y no met\u00e1licos de diferentes alcances (gran escala, mediana escala y peque\u00f1a escala).<\/p>\n<p style=\"text-align: justify;\">En la actualidad Ecuador tiene 5 proyectos estrat\u00e9gicos de miner\u00eda a gran escala en marcha, en diciembre del a\u00f1o 2019 uno de estos proyectos realiz\u00f3 la primera exportaci\u00f3n de 177,9 toneladas de concentrado de oro al exterior, y se proyecta que solamente esta mina generar\u00e1 7.887 millones de d\u00f3lares en ingresos por exportaciones; dentro de los destinos de exportaci\u00f3n de minerales ecuatorianos se encuentran pa\u00edses como Austria, B\u00e9lgica, Chile, China, Colombia, Emiratos \u00c1rabes Unidos, Espa\u00f1a, Estados Unidos, Finlandia, Guatemala, India, Italia, M\u00e9xico, Pa\u00edses Bajos, Per\u00fa, Rep\u00fablica Checa y Suiza.<\/p>\n<\/div><\/section><\/div>\n<div class=\"flex_column av_one_third  flex_column_div av-zero-column-padding   avia-builder-el-4  el_after_av_two_third  avia-builder-el-last\" style='border-radius:0px; '><div style='padding-bottom:10px; ' class='av-special-heading av-special-heading-h2    avia-builder-el-5  el_before_av_magazine  avia-builder-el-first'><h2 class='av-special-heading-tag'  itemprop=\"headline\"  >Publicaciones<\/h2><div class='special-heading-border'><div class='special-heading-inner-border' ><\/div><\/div><\/div><br \/>\n<div id='av-magazine-1' class='av-magazine   avia-builder-el-6  el_after_av_heading  avia-builder-el-last    av-magazine-top-bar-active av-magazine-tabs-active' ><div class='av-magazine-top-bar' ><\/div><div class='av-magazine-group sort_all'><article class='hentry av-magazine-entry av-magazine-entry-id-2082 av-magazine-format-standard av-magazine-type-post av-magazine-entry-1 av-magazine-entry-small'  itemscope=\"itemscope\" itemtype=\"https:\/\/schema.org\/CreativeWork\" ><div class='av-magazine-thumbnail'><a href='https:\/\/ccec.com.ec\/en\/2021\/04\/21\/perspectivas-mineras-y-ejecucion-de-proyectos-en-tiempos-de-pandemia\/' title='Link to: PERSPECTIVAS MINERAS Y EJECUCI\u00d3N DE PROYECTOS EN TIEMPOS DE PANDEMIA' class='av-magazine-thumbnail-link'><img decoding=\"async\" width=\"80\" height=\"80\" src=\"https:\/\/ccec.com.ec\/wp-content\/uploads\/2021\/04\/imagen.portada-80x80.jpg\" class=\"attachment-thumbnail size-thumbnail wp-post-image\" alt=\"\" srcset=\"https:\/\/ccec.com.ec\/wp-content\/uploads\/2021\/04\/imagen.portada-80x80.jpg 80w, https:\/\/ccec.com.ec\/wp-content\/uploads\/2021\/04\/imagen.portada-36x36.jpg 36w, https:\/\/ccec.com.ec\/wp-content\/uploads\/2021\/04\/imagen.portada-180x180.jpg 180w, https:\/\/ccec.com.ec\/wp-content\/uploads\/2021\/04\/imagen.portada-120x120.jpg 120w, https:\/\/ccec.com.ec\/wp-content\/uploads\/2021\/04\/imagen.portada-450x450.jpg 450w\" sizes=\"(max-width: 80px) 100vw, 80px\" \/><\/a><\/div><div class='av-magazine-content-wrap'><header class='entry-content-header'><time class='av-magazine-time updated'  itemprop=\"datePublished\" datetime=\"2021-04-21T12:00:53-05:00\" >2021-04-21<\/time><span class='av-magazine-text-sep text-sep-date'>\/<\/span><span class=\"av-magazine-author minor-meta\">by <span class=\"av-magazine-author-link\"  itemprop=\"author\" ><span class='av-magazine-author meta-color vcard author'><span class='fn'><a href=\"https:\/\/ccec.com.ec\/en\/author\/blog-scevallos\/\" title=\"by Santiago Cevallos\" rel=\"author\">Santiago Cevallos<\/a><\/span><\/span><\/span><\/span><h3 class='av-magazine-title entry-title'  itemprop=\"headline\" ><a href='https:\/\/ccec.com.ec\/en\/2021\/04\/21\/perspectivas-mineras-y-ejecucion-de-proyectos-en-tiempos-de-pandemia\/' title='Link to: PERSPECTIVAS MINERAS Y EJECUCI\u00d3N DE PROYECTOS EN TIEMPOS DE PANDEMIA'>PERSPECTIVAS MINERAS Y EJECUCI\u00d3N DE PROYECTOS EN TIEMPOS DE PANDEMIA<\/a><\/h3><\/header><\/div><footer class='entry-footer'><\/footer><\/article><article class='hentry av-magazine-entry av-magazine-entry-id-2031 av-magazine-format-standard av-magazine-type-post av-magazine-entry-2 av-magazine-entry-small'  itemscope=\"itemscope\" itemtype=\"https:\/\/schema.org\/CreativeWork\" ><div class='av-magazine-thumbnail'><a href='https:\/\/ccec.com.ec\/en\/2021\/02\/01\/industria-minera-de-ecuador-pasado-presente-y-futuro\/' title='Link to: INDUSTRIA MINERA DE ECUADOR &#8211; PASADO, PRESENTE Y FUTURO' class='av-magazine-thumbnail-link'><img decoding=\"async\" width=\"80\" height=\"80\" src=\"https:\/\/ccec.com.ec\/wp-content\/uploads\/2021\/02\/miner\u00eda.a.dos_-80x80.jpg\" class=\"attachment-thumbnail size-thumbnail wp-post-image\" alt=\"\" srcset=\"https:\/\/ccec.com.ec\/wp-content\/uploads\/2021\/02\/miner\u00eda.a.dos_-80x80.jpg 80w, https:\/\/ccec.com.ec\/wp-content\/uploads\/2021\/02\/miner\u00eda.a.dos_-36x36.jpg 36w, https:\/\/ccec.com.ec\/wp-content\/uploads\/2021\/02\/miner\u00eda.a.dos_-180x180.jpg 180w, https:\/\/ccec.com.ec\/wp-content\/uploads\/2021\/02\/miner\u00eda.a.dos_-120x120.jpg 120w, https:\/\/ccec.com.ec\/wp-content\/uploads\/2021\/02\/miner\u00eda.a.dos_-450x450.jpg 450w\" sizes=\"(max-width: 80px) 100vw, 80px\" \/><\/a><\/div><div class='av-magazine-content-wrap'><header class='entry-content-header'><time class='av-magazine-time updated'  itemprop=\"datePublished\" datetime=\"2021-02-01T21:02:25-05:00\" >2021-02-01<\/time><span class='av-magazine-text-sep text-sep-date'>\/<\/span><span class=\"av-magazine-author minor-meta\">by <span class=\"av-magazine-author-link\"  itemprop=\"author\" ><span class='av-magazine-author meta-color vcard author'><span class='fn'><a href=\"https:\/\/ccec.com.ec\/en\/author\/blog-scevallos\/\" title=\"by Santiago Cevallos\" rel=\"author\">Santiago Cevallos<\/a><\/span><\/span><\/span><\/span><h3 class='av-magazine-title entry-title'  itemprop=\"headline\" ><a href='https:\/\/ccec.com.ec\/en\/2021\/02\/01\/industria-minera-de-ecuador-pasado-presente-y-futuro\/' title='Link to: INDUSTRIA MINERA DE ECUADOR &#8211; PASADO, PRESENTE Y FUTURO'>INDUSTRIA MINERA DE ECUADOR &#8211; PASADO, PRESENTE Y FUTURO<\/a><\/h3><\/header><\/div><footer class='entry-footer'><\/footer><\/article><article class='hentry av-magazine-entry av-magazine-entry-id-1972 av-magazine-format-standard av-magazine-type-post av-magazine-entry-3 av-magazine-entry-small'  itemscope=\"itemscope\" itemtype=\"https:\/\/schema.org\/CreativeWork\" ><div class='av-magazine-thumbnail'><a href='https:\/\/ccec.com.ec\/en\/2020\/06\/04\/1972\/' title='Link to: COVID-19 Y LA FUERZA MAYOR EN ACTIVIDADES MINERA' class='av-magazine-thumbnail-link'><img decoding=\"async\" width=\"80\" height=\"80\" src=\"https:\/\/ccec.com.ec\/wp-content\/uploads\/2020\/06\/kieswerk-2687371-80x80.jpg\" class=\"attachment-thumbnail size-thumbnail wp-post-image\" alt=\"\" srcset=\"https:\/\/ccec.com.ec\/wp-content\/uploads\/2020\/06\/kieswerk-2687371-80x80.jpg 80w, https:\/\/ccec.com.ec\/wp-content\/uploads\/2020\/06\/kieswerk-2687371-36x36.jpg 36w, https:\/\/ccec.com.ec\/wp-content\/uploads\/2020\/06\/kieswerk-2687371-180x180.jpg 180w, https:\/\/ccec.com.ec\/wp-content\/uploads\/2020\/06\/kieswerk-2687371-120x120.jpg 120w, https:\/\/ccec.com.ec\/wp-content\/uploads\/2020\/06\/kieswerk-2687371-450x450.jpg 450w\" sizes=\"(max-width: 80px) 100vw, 80px\" \/><\/a><\/div><div class='av-magazine-content-wrap'><header class='entry-content-header'><time class='av-magazine-time updated'  itemprop=\"datePublished\" datetime=\"2020-06-04T15:23:24-05:00\" >2020-06-04<\/time><span class='av-magazine-text-sep text-sep-date'>\/<\/span><span class=\"av-magazine-author minor-meta\">by <span class=\"av-magazine-author-link\"  itemprop=\"author\" ><span class='av-magazine-author meta-color vcard author'><span class='fn'><a href=\"https:\/\/ccec.com.ec\/en\/author\/blog-scevallos\/\" title=\"by Santiago Cevallos\" rel=\"author\">Santiago Cevallos<\/a><\/span><\/span><\/span><\/span><h3 class='av-magazine-title entry-title'  itemprop=\"headline\" ><a href='https:\/\/ccec.com.ec\/en\/2020\/06\/04\/1972\/' title='Link to: COVID-19 Y LA FUERZA MAYOR EN ACTIVIDADES MINERA'>COVID-19 Y LA FUERZA MAYOR EN ACTIVIDADES MINERA<\/a><\/h3><\/header><\/div><footer class='entry-footer'><\/footer><\/article><\/div><\/div><\/div>","protected":false},"excerpt":{"rendered":"Miner\u00eda Ecuador es pa\u00eds rico en minerales (oro, plata, cobre, molibdeno, entre otros) por lo que la mayor cantidad de empresas de talla internacional y con renombre han venido al pa\u00eds a invertir en este sector. En la actualidad no m\u00e1s del 5% del territorio minero ecuatoriano ha sido explorado y un porcentaje menor ha [...]","protected":false},"author":3,"featured_media":0,"parent":0,"menu_order":0,"comment_status":"closed","ping_status":"closed","template":"","meta":{"footnotes":""},"class_list":["post-1886","page","type-page","status-publish","hentry"],"_links":{"self":[{"href":"https:\/\/ccec.com.ec\/en\/wp-json\/wp\/v2\/pages\/1886","targetHints":{"allow":["GET"]}}],"collection":[{"href":"https:\/\/ccec.com.ec\/en\/wp-json\/wp\/v2\/pages"}],"about":[{"href":"https:\/\/ccec.com.ec\/en\/wp-json\/wp\/v2\/types\/page"}],"author":[{"embeddable":true,"href":"https:\/\/ccec.com.ec\/en\/wp-json\/wp\/v2\/users\/3"}],"replies":[{"embeddable":true,"href":"https:\/\/ccec.com.ec\/en\/wp-json\/wp\/v2\/comments?post=1886"}],"version-history":[{"count":4,"href":"https:\/\/ccec.com.ec\/en\/wp-json\/wp\/v2\/pages\/1886\/revisions"}],"predecessor-version":[{"id":1996,"href":"https:\/\/ccec.com.ec\/en\/wp-json\/wp\/v2\/pages\/1886\/revisions\/1996"}],"wp:attachment":[{"href":"https:\/\/ccec.com.ec\/en\/wp-json\/wp\/v2\/media?parent=1886"}],"curies":[{"name":"wp","href":"https:\/\/api.w.org\/{rel}","templated":true}]}}