{"id":1821,"date":"2020-04-14T23:12:25","date_gmt":"2020-04-15T04:12:25","guid":{"rendered":"http:\/\/ccec.com.ec\/?page_id=1821"},"modified":"2021-04-21T13:41:22","modified_gmt":"2021-04-21T18:41:22","slug":"blog","status":"publish","type":"page","link":"https:\/\/ccec.com.ec\/en\/blog\/","title":{"rendered":"Blog"},"content":{"rendered":"<div class=\"flex_column av_two_third  flex_column_div av-zero-column-padding first  avia-builder-el-0  el_before_av_one_third  avia-builder-el-first\" style='border-radius:0px; '><div  data-size='magazine'  data-lightbox_size='large'  data-animation='slide'  data-conditional_play=''  data-ids='1813,1812'  data-video_counter='0'  data-autoplay='true'  data-bg_slider='false'  data-slide_height=''  data-handle='av_slideshow'  data-interval='4'  data-class=' avia-builder-el-1  avia-builder-el-no-sibling   '  data-css_id=''  data-scroll_down=''  data-control_layout='av-control-default'  data-custom_markup=''  data-perma_caption=''  data-autoplay_stopper=''  data-image_attachment=''  data-min_height='0px'  data-default-height='52.816901408451'  class='avia-slideshow avia-slideshow-1  av-control-default av-default-height-applied avia-slideshow-magazine av_slideshow  avia-builder-el-1  avia-builder-el-no-sibling    avia-slide-slider'  itemprop=\"image\" itemscope=\"itemscope\" itemtype=\"https:\/\/schema.org\/ImageObject\" ><ul class='avia-slideshow-inner' style='padding-bottom: 52.816901408451%;' ><li  class='slide-1' ><div data-rel='slideshow-1' class='avia-slide-wrap'   ><img src='https:\/\/ccec.com.ec\/wp-content\/uploads\/2020\/04\/banner.uno_.jpg' width='710' height='375' title='banner.uno' alt=''  itemprop=\"thumbnailUrl\"   \/><\/div><\/li><li  class='slide-2' ><div data-rel='slideshow-1' class='avia-slide-wrap'   ><img src='https:\/\/ccec.com.ec\/wp-content\/uploads\/2020\/04\/banner.dos_-710x375.jpg' width='710' height='375' title='banner.dos' alt=''  itemprop=\"thumbnailUrl\"   \/><\/div><\/li><\/ul><div class='avia-slideshow-arrows avia-slideshow-controls'><a href='#prev' class='prev-slide' aria-hidden='true' data-av_icon='\ue87c' data-av_iconfont='entypo-fontello'>Previous<\/a><a href='#next' class='next-slide' aria-hidden='true' data-av_icon='\ue87d' data-av_iconfont='entypo-fontello'>Next<\/a><\/div><div class='avia-slideshow-dots avia-slideshow-controls'><a href='#1' class='goto-slide active' >1<\/a><a href='#2' class='goto-slide' >2<\/a><\/div><\/div><\/div>\n<div class=\"flex_column av_one_third  flex_column_div av-zero-column-padding   avia-builder-el-2  el_after_av_two_third  el_before_av_heading\" style='border-radius:0px; '><div style='padding-bottom:50px; ' class='av-special-heading av-special-heading-h2    avia-builder-el-3  el_before_av_heading  avia-builder-el-first'><h2 class='av-special-heading-tag'  itemprop=\"headline\"  >Blog of the Energy and Non-Renewable Natural Resources Committee <\/h2><div class='special-heading-border'><div class='special-heading-inner-border' ><\/div><\/div><\/div><br \/>\n<div style='padding-bottom:0px; ' class='av-special-heading av-special-heading-h3    avia-builder-el-4  el_after_av_heading  el_before_av_textblock'><h3 class='av-special-heading-tag'  itemprop=\"headline\"  >Who are we?<\/h3><div class='special-heading-border'><div class='special-heading-inner-border' ><\/div><\/div><\/div><br \/>\n<section class=\"av_textblock_section\"  itemscope=\"itemscope\" itemtype=\"https:\/\/schema.org\/CreativeWork\" ><div class='avia_textblock'   itemprop=\"text\" ><p style=\"text-align: justify;\">Leveraging the Chamber's mission, the Committee promotes the development and understanding of non-renewable energy and natural resources, as well as the technological and regulatory advancements in this field, in order to support the country's development and the business sector, with an emphasis on corporate responsibility.<\/p>\n<p style=\"text-align: justify;\">Similarly, the Committee fosters an open atmosphere of cooperation in which initiatives are discussed and generated for the sustainable development of trade relations between Ecuador and Canada, in the energy sector, environmental management, and social responsibility.<\/p>\n<\/div><\/section><\/div>\n<div style='padding-bottom:30px; ' class='av-special-heading av-special-heading-h2    avia-builder-el-6  el_after_av_one_third  el_before_av_one_full'><h2 class='av-special-heading-tag'  itemprop=\"headline\"  >Latest Publications<\/h2><div class='special-heading-border'><div class='special-heading-inner-border' ><\/div><\/div><\/div>\n<div class=\"flex_column av_one_full  no_margin flex_column_div first  avia-builder-el-7  el_after_av_heading  el_before_av_one_third\" style='padding:0px 0px 1px 0px ; border-radius:0px; '><div id='av-masonry-1' class='av-masonry  noHover av-fixed-size av-no-gap av-hover-overlay- av-masonry-animation-active av-masonry-col-3 av-caption-always av-caption-style-'  ><div class='av-masonry-container isotope av-js-disabled' ><div class='av-masonry-entry isotope-item av-masonry-item-no-image'><\/div><a href=\"https:\/\/ccec.com.ec\/en\/2021\/04\/21\/perspectivas-mineras-y-ejecucion-de-proyectos-en-tiempos-de-pandemia\/\" id='av-masonry-1-item-2082' data-av-masonry-item='2082' class='av-masonry-entry isotope-item post-2082 post type-post status-publish format-standard has-post-thumbnail hentry category-articulos category-mineria  av-masonry-item-with-image av-grid-img' title=\"imagen.portada\"  itemscope=\"itemscope\" itemtype=\"https:\/\/schema.org\/CreativeWork\" ><div class='av-inner-masonry-sizer'><\/div><figure class='av-inner-masonry main_color'><div class=\"av-masonry-outerimage-container\"><div class=\"av-masonry-image-container\" style=\"background-image: url(https:\/\/ccec.com.ec\/wp-content\/uploads\/2021\/04\/imagen.portada-705x378.jpg);\" title=\"imagen.portada\" ><\/div><\/div><figcaption class='av-inner-masonry-content site-background'><div class='av-inner-masonry-content-pos'><div class='av-inner-masonry-content-pos-content'><div class='avia-arrow'><\/div><h3 class='av-masonry-entry-title entry-title'  itemprop=\"headline\" >PERSPECTIVAS MINERAS Y EJECUCI\u00d3N DE PROYECTOS EN TIEMPOS DE PANDEMIA<\/h3><span class='av-masonry-date meta-color updated'>2021-04-21<\/span><span class=\"av-masonry-text-sep text-sep-author\">\/<\/span><span class='av-masonry-author meta-color vcard author'><span class='fn'>by Santiago Cevallos<\/span><\/span><\/div><\/div><\/figcaption><\/figure><\/a><!--end av-masonry entry--><a href=\"https:\/\/ccec.com.ec\/en\/2021\/02\/01\/industria-minera-de-ecuador-pasado-presente-y-futuro\/\" id='av-masonry-1-item-2031' data-av-masonry-item='2031' class='av-masonry-entry isotope-item post-2031 post type-post status-publish format-standard has-post-thumbnail hentry category-articulos category-mineria  av-masonry-item-with-image av-grid-img' title=\"miner\u00eda.a.dos\"  itemscope=\"itemscope\" itemtype=\"https:\/\/schema.org\/CreativeWork\" ><div class='av-inner-masonry-sizer'><\/div><figure class='av-inner-masonry main_color'><div class=\"av-masonry-outerimage-container\"><div class=\"av-masonry-image-container\" style=\"background-image: url(https:\/\/ccec.com.ec\/wp-content\/uploads\/2021\/02\/miner\u00eda.a.dos_-705x470.jpg);\" title=\"miner\u00eda.a.dos\" ><\/div><\/div><figcaption class='av-inner-masonry-content site-background'><div class='av-inner-masonry-content-pos'><div class='av-inner-masonry-content-pos-content'><div class='avia-arrow'><\/div><h3 class='av-masonry-entry-title entry-title'  itemprop=\"headline\" >INDUSTRIA MINERA DE ECUADOR &#8211; PASADO, PRESENTE Y FUTURO<\/h3><span class='av-masonry-date meta-color updated'>2021-02-01<\/span><span class=\"av-masonry-text-sep text-sep-author\">\/<\/span><span class='av-masonry-author meta-color vcard author'><span class='fn'>by Santiago Cevallos<\/span><\/span><\/div><\/div><\/figcaption><\/figure><\/a><!--end av-masonry entry--><a href=\"https:\/\/ccec.com.ec\/en\/2020\/04\/14\/el-autoconsumo-de-energia-una-via-alternativa-para-el-desarrollo\/\" id='av-masonry-1-item-1833' data-av-masonry-item='1833' class='av-masonry-entry isotope-item post-1833 post type-post status-publish format-standard has-post-thumbnail hentry category-articulos category-energia-renovable  av-masonry-item-with-image av-grid-img' title=\"articulo.uno\"  itemscope=\"itemscope\" itemtype=\"https:\/\/schema.org\/CreativeWork\" ><div class='av-inner-masonry-sizer'><\/div><figure class='av-inner-masonry main_color'><div class=\"av-masonry-outerimage-container\"><div class=\"av-masonry-image-container\" style=\"background-image: url(https:\/\/ccec.com.ec\/wp-content\/uploads\/2020\/04\/articulo.uno_-705x470.jpg);\" title=\"articulo.uno\" ><\/div><\/div><figcaption class='av-inner-masonry-content site-background'><div class='av-inner-masonry-content-pos'><div class='av-inner-masonry-content-pos-content'><div class='avia-arrow'><\/div><h3 class='av-masonry-entry-title entry-title'  itemprop=\"headline\" >EL AUTOCONSUMO DE ENERG\u00cdA \u201cUNA V\u00cdA ALTERNATIVA PARA EL DESARROLLO\u201d<\/h3><span class='av-masonry-date meta-color updated'>2020-04-14<\/span><span class=\"av-masonry-text-sep text-sep-author\">\/<\/span><span class='av-masonry-author meta-color vcard author'><span class='fn'>by Santiago Cevallos<\/span><\/span><\/div><\/div><\/figcaption><\/figure><\/a><!--end av-masonry entry--><\/div><\/div><\/div>\n<div class=\"flex_column av_one_third  no_margin flex_column_div av-zero-column-padding first  avia-builder-el-9  el_after_av_one_full  el_before_av_one_third   column-top-margin\" style='border-radius:0px; '><div  data-autoplay='1'  data-interval='5'  data-animation='fade'  data-hoverpause='1'  class='avia-testimonial-wrapper avia-grid-testimonials avia-grid-1-testimonials avia_animate_when_almost_visible  av-minimal-grid-style av-boxed-grid-style'>\n<section class ='avia-testimonial-row'><div class='avia-testimonial av_one_full flex_column no_margin avia-testimonial-row-1 avia-first-testimonialavia-last-testimonial'  itemscope=\"itemscope\" itemtype=\"https:\/\/schema.org\/Person\" ><div class='avia-testimonial_inner'><div class='avia-testimonial-content'    itemscope=\"itemscope\" itemtype=\"https:\/\/schema.org\/CreativeWork\" ><\/div><div class='avia-testimonial-meta'><div class='avia-testimonial-arrow-wrap'><div class='avia-arrow'><\/div><\/div><div class='avia-testimonial-image'  itemprop=\"image\"  style='background-image:url(https:\/\/ccec.com.ec\/wp-content\/uploads\/2021\/04\/Erik-Morocho-Ald\u00e1s.jpg);'><\/div><div class='avia-testimonial-meta-mini'><strong  class='avia-testimonial-name'    itemprop=\"name\" >Autor:<\/strong><span  class='avia-testimonial-subtitle'    itemprop=\"jobTitle\" >Erik Morocho Ald\u00e1s<\/span><\/div><\/div><\/div><\/div><\/section>\n<\/div><\/div>\n<div class=\"flex_column av_one_third  no_margin flex_column_div av-zero-column-padding   avia-builder-el-11  el_after_av_one_third  el_before_av_one_third   column-top-margin\" style='border-radius:0px; '><div  data-autoplay='1'  data-interval='5'  data-animation='fade'  data-hoverpause='1'  class='avia-testimonial-wrapper avia-grid-testimonials avia-grid-1-testimonials avia_animate_when_almost_visible  av-minimal-grid-style av-boxed-grid-style'>\n<section class ='avia-testimonial-row'><div class='avia-testimonial av_one_full flex_column no_margin avia-testimonial-row-1 avia-first-testimonialavia-last-testimonial'  itemscope=\"itemscope\" itemtype=\"https:\/\/schema.org\/Person\" ><div class='avia-testimonial_inner'><div class='avia-testimonial-content'    itemscope=\"itemscope\" itemtype=\"https:\/\/schema.org\/CreativeWork\" ><\/div><div class='avia-testimonial-meta'><div class='avia-testimonial-arrow-wrap'><div class='avia-arrow'><\/div><\/div><div class='avia-testimonial-image'  itemprop=\"image\"  style='background-image:url(https:\/\/ccec.com.ec\/wp-content\/uploads\/2021\/02\/fredy.salazar.web_.jpg);'><\/div><div class='avia-testimonial-meta-mini'><strong  class='avia-testimonial-name'    itemprop=\"name\" >Autor:<\/strong><span  class='avia-testimonial-subtitle'    itemprop=\"jobTitle\" >Fredy Salazar<\/span><\/div><\/div><\/div><\/div><\/section>\n<\/div><\/div><div class=\"flex_column av_one_third  no_margin flex_column_div av-zero-column-padding   avia-builder-el-13  el_after_av_one_third  el_before_av_heading   column-top-margin\" style='border-radius:0px; '><div  data-autoplay='1'  data-interval='5'  data-animation='fade'  data-hoverpause='1'  class='avia-testimonial-wrapper avia-grid-testimonials avia-grid-3-testimonials avia_animate_when_almost_visible  av-minimal-grid-style av-boxed-grid-style'>\n<section class ='avia-testimonial-row'><div class='avia-testimonial av_one_third flex_column no_margin avia-testimonial-row-1 avia-first-testimonial'  itemscope=\"itemscope\" itemtype=\"https:\/\/schema.org\/Person\" ><div class='avia-testimonial_inner'><div class='avia-testimonial-content'    itemscope=\"itemscope\" itemtype=\"https:\/\/schema.org\/CreativeWork\" ><\/div><div class='avia-testimonial-meta'><div class='avia-testimonial-arrow-wrap'><div class='avia-arrow'><\/div><\/div><div class='avia-testimonial-image'  itemprop=\"image\"  style='background-image:url(https:\/\/ccec.com.ec\/wp-content\/uploads\/2020\/04\/santiago.solines.web_.jpg);'><\/div><div class='avia-testimonial-meta-mini'><strong  class='avia-testimonial-name'    itemprop=\"name\" >Autor:<\/strong><span  class='avia-testimonial-subtitle'    itemprop=\"jobTitle\" >Ab. Santiago Solines<\/span><\/div><\/div><\/div><\/div>\n<\/section><\/div><\/div><div style='padding-bottom:30px; ' class='av-special-heading av-special-heading-h2    avia-builder-el-15  el_after_av_one_third  el_before_av_one_fourth'><h2 class='av-special-heading-tag'  itemprop=\"headline\"  >Publicaciones<\/h2><div class='special-heading-border'><div class='special-heading-inner-border' ><\/div><\/div><\/div>\n<div class=\"flex_column av_one_fourth  flex_column_div av-zero-column-padding first  avia-builder-el-16  el_after_av_heading  el_before_av_one_fourth\" style='border-radius:0px; '><div style='padding-bottom:10px; ' class='av-special-heading av-special-heading-h3    avia-builder-el-17  el_before_av_image  avia-builder-el-first'><h3 class='av-special-heading-tag'  itemprop=\"headline\"  >Energ\u00eda Renovable<\/h3><div class='special-heading-border'><div class='special-heading-inner-border' ><\/div><\/div><\/div><br \/>\n<div class='avia-image-container  av-styling-no-styling av-hover-grow av-hide-overflow noHover  av-overlay-on-hover   avia-builder-el-18  el_after_av_heading  avia-builder-el-last   avia-align-center'  itemprop=\"image\" itemscope=\"itemscope\" itemtype=\"https:\/\/schema.org\/ImageObject\"  ><div class='avia-image-container-inner'><div class='avia-image-overlay-wrap'><a href='http:\/\/ccec.com.ec\/en\/energia-renovables\/' class='avia_image'  ><div class='av-image-caption-overlay'><div class='av-caption-image-overlay-bg' style='opacity:0.4; background-color:#0a0a0a; '><\/div><div class='av-image-caption-overlay-position'><div class='av-image-caption-overlay-center' style='color:#ffffff; font-size:14px; '><p>M\u00e1s<\/p>\n<\/div><\/div><\/div><img class='avia_image' src='https:\/\/ccec.com.ec\/wp-content\/uploads\/2020\/04\/renovable.mini_.jpg' alt='' title='renovable.mini'  itemprop=\"thumbnailUrl\"  \/><\/a><\/div><\/div><\/div><\/div>\n<div class=\"flex_column av_one_fourth  flex_column_div av-zero-column-padding   avia-builder-el-19  el_after_av_one_fourth  el_before_av_one_fourth\" style='border-radius:0px; '><div style='padding-bottom:10px; ' class='av-special-heading av-special-heading-h3    avia-builder-el-20  el_before_av_image  avia-builder-el-first'><h3 class='av-special-heading-tag'  itemprop=\"headline\"  >Mining<\/h3><div class='special-heading-border'><div class='special-heading-inner-border' ><\/div><\/div><\/div><br \/>\n<div class='avia-image-container  av-styling-no-styling av-hover-grow av-hide-overflow noHover  av-overlay-on-hover   avia-builder-el-21  el_after_av_heading  avia-builder-el-last   avia-align-center'  itemprop=\"image\" itemscope=\"itemscope\" itemtype=\"https:\/\/schema.org\/ImageObject\"  ><div class='avia-image-container-inner'><div class='avia-image-overlay-wrap'><a href='http:\/\/ccec.com.ec\/en\/mineria\/' class='avia_image'  ><div class='av-image-caption-overlay'><div class='av-caption-image-overlay-bg' style='opacity:0.4; background-color:#0a0a0a; '><\/div><div class='av-image-caption-overlay-position'><div class='av-image-caption-overlay-center' style='color:#ffffff; font-size:14px; '><p>M\u00e1s<\/p>\n<\/div><\/div><\/div><img class='avia_image' src='https:\/\/ccec.com.ec\/wp-content\/uploads\/2020\/04\/mineria.mini_.jpg' alt='' title='mineria.mini'  itemprop=\"thumbnailUrl\"  \/><\/a><\/div><\/div><\/div><\/div>\n<div class=\"flex_column av_one_fourth  flex_column_div av-zero-column-padding   avia-builder-el-22  el_after_av_one_fourth  el_before_av_one_fourth\" style='border-radius:0px; '><div style='padding-bottom:10px; ' class='av-special-heading av-special-heading-h3    avia-builder-el-23  el_before_av_image  avia-builder-el-first'><h3 class='av-special-heading-tag'  itemprop=\"headline\"  >Oil and Gas<\/h3><div class='special-heading-border'><div class='special-heading-inner-border' ><\/div><\/div><\/div><br \/>\n<div class='avia-image-container  av-styling-no-styling av-hover-grow av-hide-overflow noHover  av-overlay-on-hover   avia-builder-el-24  el_after_av_heading  avia-builder-el-last   avia-align-center'  itemprop=\"image\" itemscope=\"itemscope\" itemtype=\"https:\/\/schema.org\/ImageObject\"  ><div class='avia-image-container-inner'><div class='avia-image-overlay-wrap'><a href='http:\/\/ccec.com.ec\/en\/petroleo-gas\/' class='avia_image'  ><div class='av-image-caption-overlay'><div class='av-caption-image-overlay-bg' style='opacity:0.4; background-color:#0a0a0a; '><\/div><div class='av-image-caption-overlay-position'><div class='av-image-caption-overlay-center' style='color:#ffffff; font-size:14px; '><p>M\u00e1s<\/p>\n<\/div><\/div><\/div><img class='avia_image' src='https:\/\/ccec.com.ec\/wp-content\/uploads\/2020\/04\/petroleo.mini_.jpg' alt='' title='petroleo.mini'  itemprop=\"thumbnailUrl\"  \/><\/a><\/div><\/div><\/div><\/div>\n<div class=\"flex_column av_one_fourth  flex_column_div av-zero-column-padding   avia-builder-el-25  el_after_av_one_fourth  el_before_av_heading\" style='border-radius:0px; '><div style='padding-bottom:10px; ' class='av-special-heading av-special-heading-h3    avia-builder-el-26  el_before_av_image  avia-builder-el-first'><h3 class='av-special-heading-tag'  itemprop=\"headline\"  >Electricity<\/h3><div class='special-heading-border'><div class='special-heading-inner-border' ><\/div><\/div><\/div><br \/>\n<div class='avia-image-container  av-styling-no-styling av-hover-grow av-hide-overflow noHover  av-overlay-on-hover   avia-builder-el-27  el_after_av_heading  avia-builder-el-last   avia-align-center'  itemprop=\"image\" itemscope=\"itemscope\" itemtype=\"https:\/\/schema.org\/ImageObject\"  ><div class='avia-image-container-inner'><div class='avia-image-overlay-wrap'><a href='http:\/\/ccec.com.ec\/en\/electricidad\/' class='avia_image'  ><div class='av-image-caption-overlay'><div class='av-caption-image-overlay-bg' style='opacity:0.4; background-color:#0a0a0a; '><\/div><div class='av-image-caption-overlay-position'><div class='av-image-caption-overlay-center' style='color:#ffffff; font-size:14px; '><p>M\u00e1s<\/p>\n<\/div><\/div><\/div><img class='avia_image' src='https:\/\/ccec.com.ec\/wp-content\/uploads\/2020\/04\/electricidad.mini_.jpg' alt='' title='electricidad.mini'  itemprop=\"thumbnailUrl\"  \/><\/a><\/div><\/div><\/div><\/div>\n<div style='padding-bottom:30px; ' class='av-special-heading av-special-heading-h2    avia-builder-el-28  el_after_av_one_fourth  el_before_av_partner'><h2 class='av-special-heading-tag'  itemprop=\"headline\"  >Members<\/h2><div class='special-heading-border'><div class='special-heading-inner-border' ><\/div><\/div><\/div>\n<div  data-autoplay='true'  data-interval='4'  data-animation='slide'  class='avia-logo-element-container  avia-logo-slider avia-content-slider avia-smallarrow-slider avia-content-slider-active noHover avia-content-slider1 avia-content-slider-odd  avia-builder-el-29  el_after_av_heading  avia-builder-el-last' ><div class='avia-smallarrow-slider-heading  no-logo-slider-navigation  no-logo-slider-heading'><\/div><div class='avia-content-slider-inner'><div class='slide-entry-wrap' ><div  class='slide-entry flex_column no_margin post-entry slide-entry-overview slide-loop-1 slide-parity-odd  av_one_fifth first real-thumbnail'><img decoding=\"async\" width=\"260\" height=\"185\" src=\"https:\/\/ccec.com.ec\/wp-content\/uploads\/2020\/04\/lundin.gold_.logo_.jpg\" class=\"attachment-portfolio_small size-portfolio_small\" alt=\"\" \/><\/div><div  class='slide-entry flex_column no_margin post-entry slide-entry-overview slide-loop-2 slide-parity-even  av_one_fifth  real-thumbnail'><img decoding=\"async\" width=\"260\" height=\"185\" src=\"https:\/\/ccec.com.ec\/wp-content\/uploads\/2020\/04\/techint.logo_.jpg\" class=\"attachment-portfolio_small size-portfolio_small\" alt=\"\" \/><\/div><div  class='slide-entry flex_column no_margin post-entry slide-entry-overview slide-loop-3 slide-parity-odd  av_one_fifth  real-thumbnail'><img decoding=\"async\" width=\"260\" height=\"185\" src=\"https:\/\/ccec.com.ec\/wp-content\/uploads\/2020\/04\/logo.solines.dos_.jpg\" class=\"attachment-portfolio_small size-portfolio_small\" alt=\"\" \/><\/div><div  class='slide-entry flex_column no_margin post-entry slide-entry-overview slide-loop-4 slide-parity-even  av_one_fifth  real-thumbnail'><img loading=\"lazy\" decoding=\"async\" width=\"260\" height=\"185\" src=\"https:\/\/ccec.com.ec\/wp-content\/uploads\/2020\/04\/semaica.logo_.jpg\" class=\"attachment-portfolio_small size-portfolio_small\" alt=\"\" \/><\/div><div  class='slide-entry flex_column no_margin post-entry slide-entry-overview slide-loop-5 slide-parity-odd  av_one_fifth  real-thumbnail'><img loading=\"lazy\" decoding=\"async\" width=\"260\" height=\"185\" src=\"https:\/\/ccec.com.ec\/wp-content\/uploads\/2020\/04\/embajada.canada.logo_.jpg\" class=\"attachment-portfolio_small size-portfolio_small\" alt=\"\" \/><\/div><\/div><div class='slide-entry-wrap' ><div  class='slide-entry flex_column no_margin post-entry slide-entry-overview slide-loop-6 slide-parity-odd  av_one_fifth first real-thumbnail'><img loading=\"lazy\" decoding=\"async\" width=\"260\" height=\"185\" src=\"https:\/\/ccec.com.ec\/wp-content\/uploads\/2020\/04\/paz.horowitz-1.jpg\" class=\"attachment-portfolio_small size-portfolio_small\" alt=\"\" \/><\/div><div  class='slide-entry flex_column no_margin post-entry slide-entry-overview slide-loop-7 slide-parity-even  av_one_fifth  real-thumbnail'><img loading=\"lazy\" decoding=\"async\" width=\"260\" height=\"185\" src=\"https:\/\/ccec.com.ec\/wp-content\/uploads\/2020\/04\/ferrere.logo_.jpg\" class=\"attachment-portfolio_small size-portfolio_small\" alt=\"\" \/><\/div><div  class='slide-entry flex_column no_margin post-entry slide-entry-overview slide-loop-8 slide-parity-odd  av_one_fifth  real-thumbnail'><img loading=\"lazy\" decoding=\"async\" width=\"260\" height=\"185\" src=\"https:\/\/ccec.com.ec\/wp-content\/uploads\/2020\/04\/tesserae.bureau.logo_.jpg\" class=\"attachment-portfolio_small size-portfolio_small\" alt=\"\" \/><\/div><div  class='slide-entry flex_column no_margin post-entry slide-entry-overview slide-loop-9 slide-parity-even  av_one_fifth  real-thumbnail'><img loading=\"lazy\" decoding=\"async\" width=\"260\" height=\"185\" src=\"https:\/\/ccec.com.ec\/wp-content\/uploads\/2020\/04\/phb.geomatica.jpg\" class=\"attachment-portfolio_small size-portfolio_small\" alt=\"\" \/><\/div><div  class='slide-entry flex_column no_margin post-entry slide-entry-overview slide-loop-10 slide-parity-odd  av_one_fifth  real-thumbnail'><img loading=\"lazy\" decoding=\"async\" width=\"260\" height=\"185\" src=\"https:\/\/ccec.com.ec\/wp-content\/uploads\/2020\/04\/bustamante.bustamante.logo_.jpg\" class=\"attachment-portfolio_small size-portfolio_small\" alt=\"\" \/><\/div><\/div><div class='slide-entry-wrap' ><div  class='slide-entry flex_column no_margin post-entry slide-entry-overview slide-loop-11 slide-parity-odd  av_one_fifth first real-thumbnail'><img loading=\"lazy\" decoding=\"async\" width=\"260\" height=\"185\" src=\"https:\/\/ccec.com.ec\/wp-content\/uploads\/2020\/04\/lexim.logo_.jpg\" class=\"attachment-portfolio_small size-portfolio_small\" alt=\"\" \/><\/div><div  class='slide-entry flex_column no_margin post-entry slide-entry-overview slide-loop-12 slide-parity-even  av_one_fifth  real-thumbnail'><img loading=\"lazy\" decoding=\"async\" width=\"260\" height=\"185\" src=\"https:\/\/ccec.com.ec\/wp-content\/uploads\/2020\/04\/keyword.logo_.jpg\" class=\"attachment-portfolio_small size-portfolio_small\" alt=\"\" \/><\/div><div  class='slide-entry flex_column no_margin post-entry slide-entry-overview slide-loop-13 slide-parity-odd  post-entry-last  av_one_fifth  real-thumbnail'><img loading=\"lazy\" decoding=\"async\" width=\"260\" height=\"185\" src=\"https:\/\/ccec.com.ec\/wp-content\/uploads\/2020\/04\/salazar.logo_.jpg\" class=\"attachment-portfolio_small size-portfolio_small\" alt=\"\" \/><\/div><\/div><\/div><\/div>","protected":false},"excerpt":{"rendered":"PreviousNext12 BLOG DEL COMIT\u00c9 DE ENERG\u00cdA Y RECURSOS NATURALES NO RENOVABLES \u00bfQui\u00e9nes somos? Apalancados en la misi\u00f3n de la C\u00e1mara, el Comit\u00e9 promueve el desarrollo y el conocimiento de las energ\u00edas y\u00a0los recursos naturales no renovables, as\u00ed como los\u00a0avances\u00a0 tecnol\u00f3gicos y normativos que se han dado alrededor de \u00e9sta, con el fin de apoyar al [...]","protected":false},"author":3,"featured_media":0,"parent":0,"menu_order":0,"comment_status":"closed","ping_status":"closed","template":"","meta":{"footnotes":""},"class_list":["post-1821","page","type-page","status-publish","hentry"],"_links":{"self":[{"href":"https:\/\/ccec.com.ec\/en\/wp-json\/wp\/v2\/pages\/1821","targetHints":{"allow":["GET"]}}],"collection":[{"href":"https:\/\/ccec.com.ec\/en\/wp-json\/wp\/v2\/pages"}],"about":[{"href":"https:\/\/ccec.com.ec\/en\/wp-json\/wp\/v2\/types\/page"}],"author":[{"embeddable":true,"href":"https:\/\/ccec.com.ec\/en\/wp-json\/wp\/v2\/users\/3"}],"replies":[{"embeddable":true,"href":"https:\/\/ccec.com.ec\/en\/wp-json\/wp\/v2\/comments?post=1821"}],"version-history":[{"count":29,"href":"https:\/\/ccec.com.ec\/en\/wp-json\/wp\/v2\/pages\/1821\/revisions"}],"predecessor-version":[{"id":2431,"href":"https:\/\/ccec.com.ec\/en\/wp-json\/wp\/v2\/pages\/1821\/revisions\/2431"}],"wp:attachment":[{"href":"https:\/\/ccec.com.ec\/en\/wp-json\/wp\/v2\/media?parent=1821"}],"curies":[{"name":"wp","href":"https:\/\/api.w.org\/{rel}","templated":true}]}}