{"id":102,"date":"2015-07-14T16:12:07","date_gmt":"2015-07-14T16:12:07","guid":{"rendered":"http:\/\/test.kriesi.at\/minimal-portfolio\/?page_id=102"},"modified":"2025-06-09T12:18:45","modified_gmt":"2025-06-09T17:18:45","slug":"home","status":"publish","type":"page","link":"https:\/\/ccec.com.ec\/en\/","title":{"rendered":"Home"},"content":{"rendered":"<\/div><\/div><\/div><!-- close content main div --><\/div><\/div><div id='av_section_1' class='avia-section main_color avia-section-default avia-no-border-styling avia-bg-style-scroll  avia-builder-el-1  el_after_av_codeblock  el_before_av_section   0 container_wrap fullsize' style=' '  ><div class='container' ><div class='template-page content  av-content-full alpha units'><div class='post-entry post-entry-type-page post-entry-102'><div class='entry-content-wrapper clearfix'>\n<div style='padding-bottom:5px; ' class='av-special-heading av-special-heading-h3    avia-builder-el-2  el_before_av_one_fourth  avia-builder-el-first   0'><h3 class='av-special-heading-tag  0-overwrite 0-...'  itemprop=\"headline\"  >Strategic Committees<\/h3><div class='special-heading-border'><div class='special-heading-inner-border' ><\/div><\/div><\/div>\n<div class=\"flex_column av_one_fourth  flex_column_div first  avia-builder-el-3  el_after_av_heading  el_before_av_one_half\" ><\/div>\n<div class=\"flex_column av_one_half  flex_column_div   avia-builder-el-4  el_after_av_one_fourth  el_before_av_one_fourth\" ><section class=\"av_textblock_section\"  itemscope=\"itemscope\" itemtype=\"https:\/\/schema.org\/CreativeWork\" ><div class='avia_textblock'   itemprop=\"text\" ><p>Through its strategic committees, the CCEC has established a space for discussion and exchange of ideas that contribute to the development of projects in our country, which could potentially become the driving force behind significant changes.<\/p>\n<p style=\"text-align: center;\">The committees currently working actively within the Chamber are:<\/p>\n<\/div><\/section><br \/>\n<div class='avia-icon-list-container   avia-builder-el-6  el_after_av_textblock  avia-builder-el-last'><ul class='avia-icon-list avia-icon-list-left av-iconlist-big avia_animate_when_almost_visible avia-iconlist-animate'>\n<li><div  class='iconlist_icon  avia-font-entypo-fontello'><span class='iconlist-char' aria-hidden='true' data-av_icon='\ue8ab' data-av_iconfont='entypo-fontello'><\/span><\/div><article class=\"article-icon-entry av-iconlist-empty\"  itemscope=\"itemscope\" itemtype=\"https:\/\/schema.org\/CreativeWork\" ><div class='iconlist_content_wrap'><header class=\"entry-content-header\"><h4 class='av_iconlist_title iconlist_title'  itemprop=\"headline\"  >Information Technology and Communication<\/h4><\/header><div class='iconlist_content'  itemprop=\"text\"  ><\/div><\/div><footer class=\"entry-footer\"><\/footer><\/article><div class='iconlist-timeline'><\/div><\/li>\n<li><div  class='iconlist_icon  avia-font-entypo-fontello'><span class='iconlist-char' aria-hidden='true' data-av_icon='\ue8b6' data-av_iconfont='entypo-fontello'><\/span><\/div><article class=\"article-icon-entry av-iconlist-empty\"  itemscope=\"itemscope\" itemtype=\"https:\/\/schema.org\/CreativeWork\" ><div class='iconlist_content_wrap'><header class=\"entry-content-header\"><h4 class='av_iconlist_title iconlist_title'  itemprop=\"headline\"  >Tourism<\/h4><\/header><div class='iconlist_content'  itemprop=\"text\"  ><\/div><\/div><footer class=\"entry-footer\"><\/footer><\/article><div class='iconlist-timeline'><\/div><\/li>\n<li><div  class='iconlist_icon  avia-font-entypo-fontello'><span class='iconlist-char' aria-hidden='true' data-av_icon='\ue8b4' data-av_iconfont='entypo-fontello'><\/span><\/div><article class=\"article-icon-entry av-iconlist-empty\"  itemscope=\"itemscope\" itemtype=\"https:\/\/schema.org\/CreativeWork\" ><div class='iconlist_content_wrap'><header class=\"entry-content-header\"><h4 class='av_iconlist_title iconlist_title'  itemprop=\"headline\"  >Energy<\/h4><\/header><div class='iconlist_content'  itemprop=\"text\"  ><\/div><\/div><footer class=\"entry-footer\"><\/footer><\/article><div class='iconlist-timeline'><\/div><\/li>\n<li><div  class='iconlist_icon  avia-font-justice'><span class='iconlist-char' aria-hidden='true' data-av_icon='\uf119' data-av_iconfont='justice'><\/span><\/div><article class=\"article-icon-entry av-iconlist-empty\"  itemscope=\"itemscope\" itemtype=\"https:\/\/schema.org\/CreativeWork\" ><div class='iconlist_content_wrap'><header class=\"entry-content-header\"><h4 class='av_iconlist_title iconlist_title'  itemprop=\"headline\"  >Legal and Regulatory Update and Social Responsibility<\/h4><\/header><div class='iconlist_content'  itemprop=\"text\"  ><\/div><\/div><footer class=\"entry-footer\"><\/footer><\/article><div class='iconlist-timeline'><\/div><\/li>\n<li><div  class='iconlist_icon  avia-font-entypo-fontello'><span class='iconlist-char' aria-hidden='true' data-av_icon='\ue8c9' data-av_iconfont='entypo-fontello'><\/span><\/div><article class=\"article-icon-entry av-iconlist-empty\"  itemscope=\"itemscope\" itemtype=\"https:\/\/schema.org\/CreativeWork\" ><div class='iconlist_content_wrap'><header class=\"entry-content-header\"><h4 class='av_iconlist_title iconlist_title'  itemprop=\"headline\"  >Education<\/h4><\/header><div class='iconlist_content'  itemprop=\"text\"  ><\/div><\/div><footer class=\"entry-footer\"><\/footer><\/article><div class='iconlist-timeline'><\/div><\/li>\n<li><div  class='iconlist_icon  avia-font-entypo-fontello'><span class='iconlist-char' aria-hidden='true' data-av_icon='\ue8c5' data-av_iconfont='entypo-fontello'><\/span><\/div><article class=\"article-icon-entry av-iconlist-empty\"  itemscope=\"itemscope\" itemtype=\"https:\/\/schema.org\/CreativeWork\" ><div class='iconlist_content_wrap'><header class=\"entry-content-header\"><h4 class='av_iconlist_title iconlist_title'  itemprop=\"headline\"  >Trade and Investment<\/h4><\/header><div class='iconlist_content'  itemprop=\"text\"  ><\/div><\/div><footer class=\"entry-footer\"><\/footer><\/article><div class='iconlist-timeline'><\/div><\/li>\n<\/ul><\/div><\/div>\n<div class=\"flex_column av_one_fourth  flex_column_div   avia-builder-el-7  el_after_av_one_half  avia-builder-el-last\" ><\/div>\n\n<\/div><\/div><\/div><!-- close content main div --><\/div><\/div><div id='av_section_2' class='avia-section main_color avia-section-default avia-shadow avia-bg-style-scroll  avia-builder-el-8  el_after_av_section  avia-builder-el-last   av-minimum-height av-minimum-height-custom container_wrap fullsize' style='background-color: #e50013;background-image: linear-gradient(45deg,#e50013,#ff4c5b); '  ><div class='container' style='height:100px'><div class='template-page content  av-content-full alpha units'><div class='post-entry post-entry-type-page post-entry-102'><div class='entry-content-wrapper clearfix'>\n<div class=\"flex_column av_one_fourth  flex_column_div first  avia-builder-el-9  el_before_av_one_fourth  avia-builder-el-first\" ><div  class=\"avia-animated-number av-force-default-color  avia-color-font-light  avia-builder-el-10  avia-builder-el-no-sibling  avia_animate_when_visible\" ><strong class=\"heading avia-animated-number-title\" ><span class=\"avia-single-number __av-single-number\" data-number=\"40\">40<\/span><span class=\"avia-no-number\">+<\/span><\/strong><div class='avia-animated-number-content' ><p>Members<\/p>\n<\/div><\/div><\/div>\n<div class=\"flex_column av_one_fourth  flex_column_div   avia-builder-el-11  el_after_av_one_fourth  el_before_av_one_fourth\" ><div  class=\"avia-animated-number av-force-default-color  avia-color-font-light  avia-builder-el-12  avia-builder-el-no-sibling  avia_animate_when_visible\" ><strong class=\"heading avia-animated-number-title\" ><span class=\"avia-single-number __av-single-number\" data-number=\"14\">14<\/span><span class=\"avia-no-number\">+<\/span><\/strong><div class='avia-animated-number-content' ><p>Years of experience<\/p>\n<\/div><\/div><\/div>\n<div class=\"flex_column av_one_fourth  flex_column_div   avia-builder-el-13  el_after_av_one_fourth  el_before_av_one_fourth\" ><div  class=\"avia-animated-number av-force-default-color  avia-color-font-light  avia-builder-el-14  avia-builder-el-no-sibling  avia_animate_when_visible\" ><strong class=\"heading avia-animated-number-title\" ><span class=\"avia-single-number __av-single-number\" data-number=\"6\">6<\/span><span class=\"avia-no-number\">+<\/span><\/strong><div class='avia-animated-number-content' ><p>Strategic Committees<\/p>\n<\/div><\/div><\/div>\n<div class=\"flex_column av_one_fourth  flex_column_div   avia-builder-el-15  el_after_av_one_fourth  avia-builder-el-last\" ><div  class=\"avia-animated-number av-force-default-color  avia-color-font-light  avia-builder-el-16  avia-builder-el-no-sibling  avia_animate_when_visible\" ><strong class=\"heading avia-animated-number-title\" ><span class=\"avia-single-number __av-single-number\" data-number=\"2000\">2000<\/span><span class=\"avia-no-number\">+<\/span><\/strong><div class='avia-animated-number-content' ><p>Event attendees<\/p>\n<\/div><\/div><\/div>","protected":false},"excerpt":{"rendered":"Comit\u00e9s Estrat\u00e9gicos Con sus comit\u00e9s estrat\u00e9gicos, la CCEC ha creado un espacio de discusi\u00f3n e intercambio de ideas, que aportan al desarrollo de proyectos en nuestro pa\u00eds y que pueden llegar a ser el motor de importantes cambios. Los comit\u00e9s que al momento trabajan activamente en la C\u00e1mara son: Tecnolog\u00eda de la Informaci\u00f3n y Comunicaci\u00f3n [...]","protected":false},"author":1,"featured_media":0,"parent":0,"menu_order":0,"comment_status":"open","ping_status":"closed","template":"","meta":{"footnotes":""},"class_list":["post-102","page","type-page","status-publish","hentry"],"_links":{"self":[{"href":"https:\/\/ccec.com.ec\/en\/wp-json\/wp\/v2\/pages\/102","targetHints":{"allow":["GET"]}}],"collection":[{"href":"https:\/\/ccec.com.ec\/en\/wp-json\/wp\/v2\/pages"}],"about":[{"href":"https:\/\/ccec.com.ec\/en\/wp-json\/wp\/v2\/types\/page"}],"author":[{"embeddable":true,"href":"https:\/\/ccec.com.ec\/en\/wp-json\/wp\/v2\/users\/1"}],"replies":[{"embeddable":true,"href":"https:\/\/ccec.com.ec\/en\/wp-json\/wp\/v2\/comments?post=102"}],"version-history":[{"count":54,"href":"https:\/\/ccec.com.ec\/en\/wp-json\/wp\/v2\/pages\/102\/revisions"}],"predecessor-version":[{"id":3399,"href":"https:\/\/ccec.com.ec\/en\/wp-json\/wp\/v2\/pages\/102\/revisions\/3399"}],"wp:attachment":[{"href":"https:\/\/ccec.com.ec\/en\/wp-json\/wp\/v2\/media?parent=102"}],"curies":[{"name":"wp","href":"https:\/\/api.w.org\/{rel}","templated":true}]}}