{"id":917,"date":"2019-04-04T21:17:46","date_gmt":"2019-04-05T02:17:46","guid":{"rendered":"http:\/\/ccec.com.ec\/?page_id=917"},"modified":"2025-10-07T14:40:27","modified_gmt":"2025-10-07T19:40:27","slug":"directorio","status":"publish","type":"page","link":"http:\/\/ccec.com.ec\/en\/directorio\/","title":{"rendered":"Board  of Director"},"content":{"rendered":"<div id='av_section_1' class='avia-section main_color avia-section-default avia-no-border-styling avia-full-stretch av-section-color-overlay-active avia-bg-style-scroll  avia-builder-el-0  el_before_av_one_third  avia-builder-el-first    av-minimum-height av-minimum-height-custom container_wrap fullsize' style='background-repeat: no-repeat; background-image: url(http:\/\/ccec.com.ec\/wp-content\/uploads\/2023\/08\/FONDO-DIRECTORIO-scaled.jpg);background-attachment: scroll; background-position: center center;  '  data-section-bg-repeat='stretch'><div class='av-section-color-overlay-wrap'><div class='av-section-color-overlay' style='opacity: 0.6; '><\/div><div class='container' style='height:500px'><main  role=\"main\" itemprop=\"mainContentOfPage\"  class='template-page content  av-content-full alpha units'><div class='post-entry post-entry-type-page post-entry-917'><div class='entry-content-wrapper clearfix'><\/div><\/div><\/main><!-- close content main element --><\/div><\/div><\/div><div id='after_section_1' class='main_color av_default_container_wrap container_wrap fullsize' style=' '  ><div class='container' ><div class='template-page content  av-content-full alpha units'><div class='post-entry post-entry-type-page post-entry-917'><div class='entry-content-wrapper clearfix'>\n<div class=\"flex_column av_one_third  flex_column_div av-zero-column-padding first  avia-builder-el-1  el_after_av_section  el_before_av_one_third  avia-builder-el-first\" style='border-radius:0px; '><section class='avia-team-member   avia-builder-el-2  avia-builder-el-no-sibling'  itemscope=\"itemscope\" itemtype=\"https:\/\/schema.org\/Person\" ><div class='team-img-container'><img class='avia_image avia_image_team' src='http:\/\/ccec.com.ec\/wp-content\/uploads\/2025\/10\/2-1-300x218.png' alt='Caleb McLean'  itemprop=\"image\"  \/><\/div><h3 class='team-member-name'   itemprop=\"name\" >Caleb McLean<\/h3><div class='team-member-job-title'   itemprop=\"jobTitle\" >Presidente<\/div><div class='team-member-description'  itemprop=\"description\"  ><p>Lenguatec<\/p>\n<\/div><span class='hidden team-member-affiliation'  itemprop=\"affiliation\" >C\u00e1mara de Comercio Ecuatoriano Canadiense<\/span><\/section><\/div>\n<div class=\"flex_column av_one_third  flex_column_div av-zero-column-padding   avia-builder-el-3  el_after_av_one_third  el_before_av_one_third\" style='border-radius:0px; '><section class='avia-team-member   avia-builder-el-4  avia-builder-el-no-sibling'  itemscope=\"itemscope\" itemtype=\"https:\/\/schema.org\/Person\" ><div class='team-img-container'><img class='avia_image avia_image_team' src='http:\/\/ccec.com.ec\/wp-content\/uploads\/2025\/10\/Diseno-sin-titulo-3-300x218.png' alt='Santiago Solines'  itemprop=\"image\"  \/><\/div><h3 class='team-member-name'   itemprop=\"name\" >Santiago Solines<\/h3><div class='team-member-job-title'   itemprop=\"jobTitle\" >1er Vicepresidente<\/div><div class='team-member-description'  itemprop=\"description\"  ><p>Solines & Asociados Abogados<\/p>\n<\/div><span class='hidden team-member-affiliation'  itemprop=\"affiliation\" >C\u00e1mara de Comercio Ecuatoriano Canadiense<\/span><\/section><\/div><div class=\"flex_column av_one_third  flex_column_div av-zero-column-padding   avia-builder-el-5  el_after_av_one_third  el_before_av_one_third\" style='border-radius:0px; '><section class='avia-team-member   avia-builder-el-6  avia-builder-el-no-sibling'  itemscope=\"itemscope\" itemtype=\"https:\/\/schema.org\/Person\" ><div class='team-img-container'><img class='avia_image avia_image_team' src='http:\/\/ccec.com.ec\/wp-content\/uploads\/2025\/10\/3-1-300x218.png' alt='Edgar Salas '  itemprop=\"image\"  \/><\/div><h3 class='team-member-name'   itemprop=\"name\" >Edgar Salas <\/h3><div class='team-member-job-title'   itemprop=\"jobTitle\" >2do Vicepresidente<\/div><div class='team-member-description'  itemprop=\"description\"  ><p>Monol\u00edtica<\/p>\n<\/div><span class='hidden team-member-affiliation'  itemprop=\"affiliation\" >C\u00e1mara de Comercio Ecuatoriano Canadiense<\/span><\/section><\/div>\n<div class=\"flex_column av_one_third  flex_column_div av-zero-column-padding first  avia-builder-el-7  el_after_av_one_third  el_before_av_one_third  column-top-margin\" style='border-radius:0px; '><section class='avia-team-member   avia-builder-el-8  avia-builder-el-no-sibling'  itemscope=\"itemscope\" itemtype=\"https:\/\/schema.org\/Person\" ><div class='team-img-container'><img class='avia_image avia_image_team' src='http:\/\/ccec.com.ec\/wp-content\/uploads\/2025\/10\/Diseno-sin-titulo-5-300x218.png' alt='Catherine Montecinos '  itemprop=\"image\"  \/><\/div><h3 class='team-member-name'   itemprop=\"name\" >Catherine Montecinos <\/h3><div class='team-member-job-title'   itemprop=\"jobTitle\" >Directora Principal<\/div><div class='team-member-description'  itemprop=\"description\"  ><p>Sedemi<\/p>\n<\/div><span class='hidden team-member-affiliation'  itemprop=\"affiliation\" >C\u00e1mara de Comercio Ecuatoriano Canadiense<\/span><\/section><\/div><div class=\"flex_column av_one_third  flex_column_div av-zero-column-padding   avia-builder-el-9  el_after_av_one_third  el_before_av_one_third  column-top-margin\" style='border-radius:0px; '><section class='avia-team-member   avia-builder-el-10  avia-builder-el-no-sibling'  itemscope=\"itemscope\" itemtype=\"https:\/\/schema.org\/Person\" ><div class='team-img-container'><img class='avia_image avia_image_team' src='http:\/\/ccec.com.ec\/wp-content\/uploads\/2025\/10\/Diseno-sin-titulo-6-300x218.png' alt='Santiago Aguirre'  itemprop=\"image\"  \/><\/div><h3 class='team-member-name'   itemprop=\"name\" >Santiago Aguirre<\/h3><div class='team-member-job-title'   itemprop=\"jobTitle\" >Director Principal<\/div><div class='team-member-description'  itemprop=\"description\"  ><p>Lexvalor<\/p>\n<\/div><span class='hidden team-member-affiliation'  itemprop=\"affiliation\" >C\u00e1mara de Comercio Ecuatoriano Canadiense<\/span><\/section><\/div><div class=\"flex_column av_one_third  flex_column_div av-zero-column-padding   avia-builder-el-11  el_after_av_one_third  el_before_av_one_third  column-top-margin\" style='border-radius:0px; '><section class='avia-team-member   avia-builder-el-12  avia-builder-el-no-sibling'  itemscope=\"itemscope\" itemtype=\"https:\/\/schema.org\/Person\" ><div class='team-img-container'><img class='avia_image avia_image_team' src='http:\/\/ccec.com.ec\/wp-content\/uploads\/2025\/10\/Diseno-sin-titulo-4-300x218.png' alt='Silvana Villaroel '  itemprop=\"image\"  \/><\/div><h3 class='team-member-name'   itemprop=\"name\" >Silvana Villaroel <\/h3><div class='team-member-job-title'   itemprop=\"jobTitle\" > Directora Alterna<\/div><div class='team-member-description'  itemprop=\"description\"  ><p>Procopet<\/p>\n<\/div><span class='hidden team-member-affiliation'  itemprop=\"affiliation\" >C\u00e1mara de Comercio Ecuatoriano Canadiense<\/span><\/section><\/div><div class=\"flex_column av_one_third  flex_column_div av-zero-column-padding first  avia-builder-el-13  el_after_av_one_third  el_before_av_one_third  column-top-margin\" style='border-radius:0px; '><section class='avia-team-member   avia-builder-el-14  avia-builder-el-no-sibling'  itemscope=\"itemscope\" itemtype=\"https:\/\/schema.org\/Person\" ><div class='team-img-container'><img class='avia_image avia_image_team' src='http:\/\/ccec.com.ec\/wp-content\/uploads\/2025\/10\/7-1-300x218.png' alt='Ricardo Velasco'  itemprop=\"image\"  \/><\/div><h3 class='team-member-name'   itemprop=\"name\" >Ricardo Velasco<\/h3><div class='team-member-job-title'   itemprop=\"jobTitle\" >Director Alterno<\/div><div class='team-member-description'  itemprop=\"description\"  ><p>P\u00e9rez Bustamante & Ponce<\/p>\n<\/div><span class='hidden team-member-affiliation'  itemprop=\"affiliation\" >C\u00e1mara de Comercio Ecuatoriano Canadiense<\/span><\/section><\/div>\n<div class=\"flex_column av_one_third  flex_column_div av-zero-column-padding   avia-builder-el-15  el_after_av_one_third  el_before_av_one_third  column-top-margin\" style='border-radius:0px; '><section class='avia-team-member   avia-builder-el-16  avia-builder-el-no-sibling'  itemscope=\"itemscope\" itemtype=\"https:\/\/schema.org\/Person\" ><div class='team-img-container'><img class='avia_image avia_image_team' src='http:\/\/ccec.com.ec\/wp-content\/uploads\/2025\/10\/5-1-300x218.png' alt='Jorge Cevallos'  itemprop=\"image\"  \/><\/div><h3 class='team-member-name'   itemprop=\"name\" >Jorge Cevallos<\/h3><div class='team-member-job-title'   itemprop=\"jobTitle\" >Director Alterno<\/div><div class='team-member-description'  itemprop=\"description\"  ><p>AVL Abogados<\/p>\n<\/div><span class='hidden team-member-affiliation'  itemprop=\"affiliation\" >C\u00e1mara de Comercio Ecuatoriano Canadiense<\/span><\/section><\/div>\n<div class=\"flex_column av_one_third  flex_column_div av-zero-column-padding   avia-builder-el-17  el_after_av_one_third  el_before_av_one_third  column-top-margin\" style='border-radius:0px; '><section class='avia-team-member   avia-builder-el-18  avia-builder-el-no-sibling'  itemscope=\"itemscope\" itemtype=\"https:\/\/schema.org\/Person\" ><div class='team-img-container'><img class='avia_image avia_image_team' src='http:\/\/ccec.com.ec\/wp-content\/uploads\/2025\/10\/9-1-300x218.png' alt='Edgar Brito'  itemprop=\"image\"  \/><\/div><h3 class='team-member-name'   itemprop=\"name\" >Edgar Brito<\/h3><div class='team-member-job-title'   itemprop=\"jobTitle\" >Director Permanente<\/div><div class='team-member-description'  itemprop=\"description\"  ><p>Embajada de Canad\u00e1<\/p>\n<\/div><span class='hidden team-member-affiliation'  itemprop=\"affiliation\" >C\u00e1mara de Comercio Ecuatoriano Canadiense<\/span><\/section><\/div>\n<div class=\"flex_column av_one_third  flex_column_div av-zero-column-padding first  avia-builder-el-19  el_after_av_one_third  el_before_av_one_third  column-top-margin\" style='border-radius:0px; '><section class='avia-team-member   avia-builder-el-20  avia-builder-el-no-sibling'  itemscope=\"itemscope\" itemtype=\"https:\/\/schema.org\/Person\" ><div class='team-img-container'><img class='avia_image avia_image_team' src='http:\/\/ccec.com.ec\/wp-content\/uploads\/2025\/10\/4-1-300x218.png' alt='Agust\u00edn Acosta'  itemprop=\"image\"  \/><\/div><h3 class='team-member-name'   itemprop=\"name\" >Agust\u00edn Acosta<\/h3><div class='team-member-job-title'   itemprop=\"jobTitle\" >Past President<\/div><div class='team-member-description'  itemprop=\"description\"  ><p>Dentons Paz Horowitz<\/p>\n<\/div><span class='hidden team-member-affiliation'  itemprop=\"affiliation\" >C\u00e1mara de Comercio Ecuatoriano Canadiense<\/span><\/section><\/div>\n<div class=\"flex_column av_one_third  flex_column_div av-zero-column-padding   avia-builder-el-21  el_after_av_one_third  el_before_av_one_third  column-top-margin\" style='border-radius:0px; '><section class='avia-team-member   avia-builder-el-22  avia-builder-el-no-sibling'  itemscope=\"itemscope\" itemtype=\"https:\/\/schema.org\/Person\" ><div class='team-img-container'><img class='avia_image avia_image_team' src='http:\/\/ccec.com.ec\/wp-content\/uploads\/2025\/10\/6-1-300x218.png' alt='Freddy Salazar'  itemprop=\"image\"  \/><\/div><h3 class='team-member-name'   itemprop=\"name\" >Freddy Salazar<\/h3><div class='team-member-job-title'   itemprop=\"jobTitle\" >Director Adjunto<\/div><div class='team-member-description'  itemprop=\"description\"  ><p>Salazar Resources<\/p>\n<\/div><span class='hidden team-member-affiliation'  itemprop=\"affiliation\" >C\u00e1mara de Comercio Ecuatoriano Canadiense<\/span><\/section><\/div>\n<div class=\"flex_column av_one_third  flex_column_div av-zero-column-padding   avia-builder-el-23  el_after_av_one_third  avia-builder-el-last  column-top-margin\" style='border-radius:0px; '><section class='avia-team-member   avia-builder-el-24  avia-builder-el-no-sibling'  itemscope=\"itemscope\" itemtype=\"https:\/\/schema.org\/Person\" ><h3 class='team-member-name'   itemprop=\"name\" >Nathaly Moya<\/h3><div class='team-member-job-title'   itemprop=\"jobTitle\" >Directora Ejecutiva<\/div><div class='team-member-description'  itemprop=\"description\"  ><p>executive.director@ccec.com.ec<\/p>\n<\/div><span class='hidden team-member-affiliation'  itemprop=\"affiliation\" >C\u00e1mara de Comercio Ecuatoriano Canadiense<\/span><\/section><\/div>","protected":false},"excerpt":{"rendered":"Caleb McLeanPresidenteLenguatec C\u00e1mara de Comercio Ecuatoriano Canadiense Santiago Solines1er VicepresidenteSolines & Asociados Abogados C\u00e1mara de Comercio Ecuatoriano CanadienseEdgar Salas 2do VicepresidenteMonol\u00edtica C\u00e1mara de Comercio Ecuatoriano Canadiense Catherine Montecinos Directora PrincipalSedemi C\u00e1mara de Comercio Ecuatoriano CanadienseSantiago AguirreDirector PrincipalLexvalor C\u00e1mara de Comercio Ecuatoriano CanadienseSilvana Villaroel Directora AlternaProcopet C\u00e1mara de Comercio Ecuatoriano CanadienseRicardo VelascoDirector AlternoP\u00e9rez Bustamante & Ponce [...]","protected":false},"author":1,"featured_media":0,"parent":0,"menu_order":0,"comment_status":"closed","ping_status":"closed","template":"","meta":{"footnotes":""},"class_list":["post-917","page","type-page","status-publish","hentry"],"_links":{"self":[{"href":"http:\/\/ccec.com.ec\/en\/wp-json\/wp\/v2\/pages\/917","targetHints":{"allow":["GET"]}}],"collection":[{"href":"http:\/\/ccec.com.ec\/en\/wp-json\/wp\/v2\/pages"}],"about":[{"href":"http:\/\/ccec.com.ec\/en\/wp-json\/wp\/v2\/types\/page"}],"author":[{"embeddable":true,"href":"http:\/\/ccec.com.ec\/en\/wp-json\/wp\/v2\/users\/1"}],"replies":[{"embeddable":true,"href":"http:\/\/ccec.com.ec\/en\/wp-json\/wp\/v2\/comments?post=917"}],"version-history":[{"count":27,"href":"http:\/\/ccec.com.ec\/en\/wp-json\/wp\/v2\/pages\/917\/revisions"}],"predecessor-version":[{"id":3458,"href":"http:\/\/ccec.com.ec\/en\/wp-json\/wp\/v2\/pages\/917\/revisions\/3458"}],"wp:attachment":[{"href":"http:\/\/ccec.com.ec\/en\/wp-json\/wp\/v2\/media?parent=917"}],"curies":[{"name":"wp","href":"https:\/\/api.w.org\/{rel}","templated":true}]}}