{"id":2940,"date":"2023-09-13T15:03:47","date_gmt":"2023-09-13T20:03:47","guid":{"rendered":"http:\/\/ccec.com.ec\/?page_id=2940"},"modified":"2025-04-03T13:18:03","modified_gmt":"2025-04-03T18:18:03","slug":"dashboard-actuaria","status":"publish","type":"page","link":"http:\/\/ccec.com.ec\/en\/dashboard-actuaria\/","title":{"rendered":"Dashboard Canad\u00e1 &#8211; Ecuador"},"content":{"rendered":"<div id='av_section_1' class='avia-section main_color avia-section-default avia-no-border-styling avia-full-stretch avia-bg-style-scroll  avia-builder-el-0  el_before_av_heading  avia-builder-el-first    av-minimum-height av-minimum-height-custom container_wrap fullsize' style='background-repeat: no-repeat; background-image: url(http:\/\/ccec.com.ec\/wp-content\/uploads\/2023\/10\/FONDOS-DE-PAGINAS-5.png);background-attachment: scroll; background-position: center center;  '  data-section-bg-repeat='stretch'><div class='container' style='height:500px'><main  role=\"main\" itemprop=\"mainContentOfPage\"  class='template-page content  av-content-full alpha units'><div class='post-entry post-entry-type-page post-entry-2940'><div class='entry-content-wrapper clearfix'><\/div><\/div><\/main><!-- close content main element --><\/div><\/div><div id='after_section_1' class='main_color av_default_container_wrap container_wrap fullsize' style=' '  ><div class='container' ><div class='template-page content  av-content-full alpha units'><div class='post-entry post-entry-type-page post-entry-2940'><div class='entry-content-wrapper clearfix'>\n<div style='padding-bottom:10px; ' class='av-special-heading av-special-heading-h2    avia-builder-el-1  el_after_av_section  el_before_av_one_full  avia-builder-el-first'><h2 class='av-special-heading-tag'  itemprop=\"headline\"  >Dashboard de Comercio Internacional: Canad\u00e1 &#8211; Ecuador y Am\u00e9rica Latina<\/h2><div class='special-heading-border'><div class='special-heading-inner-border' ><\/div><\/div><\/div>\n<div class=\"flex_column av_one_full  flex_column_div av-zero-column-padding first  avia-builder-el-2  el_after_av_heading  el_before_av_one_full\" style='border-radius:0px; '><section class=\"av_textblock_section\"  itemscope=\"itemscope\" itemtype=\"https:\/\/schema.org\/CreativeWork\" ><div class='avia_textblock'   itemprop=\"text\" ><p style=\"text-align: justify;\">La C\u00e1mara de Comercio Ecuatoriano Canadiense (CCEC) ha trabajado en conjunto con Actuaria Consultores y su nueva \u00e1rea de Data Analytics, llamada Data Wave, con el fin de desarrollar e implementar una herramienta innovadora de Inteligencia de Negocios que presente la informaci\u00f3n del comercio exterior de Canad\u00e1 con el Ecuador y m\u00e1s pa\u00edses de Am\u00e9rica Latina.<\/p>\n<p style=\"text-align: justify;\">De esta manera, mediante el uso de la tecnolog\u00eda y el an\u00e1lisis de datos es posible que los socios de la C\u00e1mara encuentren nuevas oportunidades de comercio canadiense y se facilite su proceso de toma de decisiones con respecto a posibles alianzas comerciales en Canad\u00e1.<\/p>\n<\/div><\/section><\/div>\n<div class=\"flex_column av_one_full  flex_column_div av-zero-column-padding first  avia-builder-el-4  el_after_av_one_full  avia-builder-el-last  column-top-margin\" style='border-radius:0px; '><\/div>","protected":false},"excerpt":{"rendered":"Dashboard de Comercio Internacional: Canad\u00e1 &#8211; Ecuador y Am\u00e9rica Latina La C\u00e1mara de Comercio Ecuatoriano Canadiense (CCEC) ha trabajado en conjunto con Actuaria Consultores y su nueva \u00e1rea de Data Analytics, llamada Data Wave, con el fin de desarrollar e implementar una herramienta innovadora de Inteligencia de Negocios que presente la informaci\u00f3n del comercio exterior [...]","protected":false},"author":1,"featured_media":0,"parent":0,"menu_order":0,"comment_status":"closed","ping_status":"closed","template":"","meta":{"footnotes":""},"class_list":["post-2940","page","type-page","status-publish","hentry"],"_links":{"self":[{"href":"http:\/\/ccec.com.ec\/en\/wp-json\/wp\/v2\/pages\/2940","targetHints":{"allow":["GET"]}}],"collection":[{"href":"http:\/\/ccec.com.ec\/en\/wp-json\/wp\/v2\/pages"}],"about":[{"href":"http:\/\/ccec.com.ec\/en\/wp-json\/wp\/v2\/types\/page"}],"author":[{"embeddable":true,"href":"http:\/\/ccec.com.ec\/en\/wp-json\/wp\/v2\/users\/1"}],"replies":[{"embeddable":true,"href":"http:\/\/ccec.com.ec\/en\/wp-json\/wp\/v2\/comments?post=2940"}],"version-history":[{"count":11,"href":"http:\/\/ccec.com.ec\/en\/wp-json\/wp\/v2\/pages\/2940\/revisions"}],"predecessor-version":[{"id":3345,"href":"http:\/\/ccec.com.ec\/en\/wp-json\/wp\/v2\/pages\/2940\/revisions\/3345"}],"wp:attachment":[{"href":"http:\/\/ccec.com.ec\/en\/wp-json\/wp\/v2\/media?parent=2940"}],"curies":[{"name":"wp","href":"https:\/\/api.w.org\/{rel}","templated":true}]}}