{"id":2151,"date":"2021-06-02T17:49:31","date_gmt":"2021-06-02T22:49:31","guid":{"rendered":"http:\/\/ccec.com.ec\/?page_id=2151"},"modified":"2021-06-22T21:52:39","modified_gmt":"2021-06-23T02:52:39","slug":"alumni-talks","status":"publish","type":"page","link":"http:\/\/ccec.com.ec\/en\/alumni-talks\/","title":{"rendered":"Alumni Talks"},"content":{"rendered":"<div class=\"vc_row wpb_row vc_row-fluid\"><div class=\"wpb_column vc_column_container vc_col-sm-2\"><div class=\"vc_column-inner\"><div class=\"wpb_wrapper\"><\/div><\/div><\/div><div class=\"wpb_column vc_column_container vc_col-sm-8\"><div class=\"vc_column-inner\"><div class=\"wpb_wrapper\">\n\t<div  class=\"wpb_single_image wpb_content_element vc_align_center\">\n\t\t\n\t\t<figure class=\"wpb_wrapper vc_figure\">\n\t\t\t<div class=\"vc_single_image-wrapper   vc_box_border_grey\"><img fetchpriority=\"high\" decoding=\"async\" width=\"885\" height=\"175\" src=\"http:\/\/ccec.com.ec\/wp-content\/uploads\/2021\/06\/logos-superior_.jpg\" class=\"vc_single_image-img attachment-full\" alt=\"\" srcset=\"http:\/\/ccec.com.ec\/wp-content\/uploads\/2021\/06\/logos-superior_.jpg 885w, http:\/\/ccec.com.ec\/wp-content\/uploads\/2021\/06\/logos-superior_-300x59.jpg 300w, http:\/\/ccec.com.ec\/wp-content\/uploads\/2021\/06\/logos-superior_-768x152.jpg 768w, http:\/\/ccec.com.ec\/wp-content\/uploads\/2021\/06\/logos-superior_-705x139.jpg 705w, http:\/\/ccec.com.ec\/wp-content\/uploads\/2021\/06\/logos-superior_-450x89.jpg 450w\" sizes=\"(max-width: 885px) 100vw, 885px\" \/><\/div>\n\t\t<\/figure>\n\t<\/div>\n<\/div><\/div><\/div><div class=\"wpb_column vc_column_container vc_col-sm-2\"><div class=\"vc_column-inner\"><div class=\"wpb_wrapper\"><\/div><\/div><\/div><\/div><div class=\"vc_row wpb_row vc_row-fluid\"><div class=\"wpb_column vc_column_container vc_col-sm-12\"><div class=\"vc_column-inner\"><div class=\"wpb_wrapper\">\n\t<div class=\"wpb_text_column wpb_content_element \" >\n\t\t<div class=\"wpb_wrapper\">\n\t\t\t<h2 class=\"has-text-align-center\" style=\"text-align: center;\">La C\u00e1mara de Comercio Ecuatoriano-Canadiense Quito<br \/>Te invita a celebrar el D\u00eda de Canad\u00e1 en la primera edici\u00f3n de:<br \/>ALUMNI TALKS el mi\u00e9rcoles 23 de Junio.<\/h2>\n<p style=\"text-align: center;\"><!-- \/wp:post-content --><\/p>\n<p><!-- wp:paragraph {\"align\":\"center\"} --><\/p>\n<p class=\"has-text-align-center\" style=\"text-align: center;\">Conoce la historia de personas que han tenido la oportunidad de estudiar en Canad\u00e1, y como esto les permiti\u00f3 cambiar su vida.<br \/>Participa en este gran evento y conoce todo lo que te puede ofrecer este pa\u00eds.<br \/><strong>\u00a1Reg\u00edstrate ya!<\/strong><\/p>\n\n\t\t<\/div>\n\t<\/div>\n<div class=\"vc_btn3-container vc_btn3-center\" ><a class=\"vc_general vc_btn3 vc_btn3-size-md vc_btn3-shape-rounded vc_btn3-style-3d vc_btn3-color-danger\" href=\"http:\/\/ccec.com.ec\/wp-content\/uploads\/2021\/06\/PROGRAMA-ALUMNI-TALKs.jpg\" title=\"\" target=\"_blank\">Ver Programa General Alumni Talks<\/a><\/div><\/div><\/div><\/div><\/div><div data-vc-full-width=\"true\" data-vc-full-width-init=\"false\" class=\"vc_row wpb_row vc_row-fluid vc_custom_1622677085578 vc_row-has-fill\"><div class=\"wpb_column vc_column_container vc_col-sm-2\"><div class=\"vc_column-inner\"><div class=\"wpb_wrapper\"><\/div><\/div><\/div><div class=\"wpb_column vc_column_container vc_col-sm-8\"><div class=\"vc_column-inner\"><div class=\"wpb_wrapper\">\n\t<div class=\"wpb_text_column wpb_content_element \" >\n\t\t<div class=\"wpb_wrapper\">\n\t\t\t<p style=\"text-align: center;\"><div class=\"wpforms-container wpforms-container-full\" id=\"wpforms-2162\"><form id=\"wpforms-form-2162\" class=\"wpforms-validate wpforms-form\" data-formid=\"2162\" method=\"post\" enctype=\"multipart\/form-data\" action=\"\/en\/wp-json\/wp\/v2\/pages\/2151\" data-token=\"d62ba9a81c67abca5956bc0620fc5b69\" data-token-time=\"1776204277\"><noscript class=\"wpforms-error-noscript\">Please enable JavaScript in your browser to complete this form.<\/noscript><div class=\"wpforms-field-container\"><div id=\"wpforms-2162-field_12-container\" class=\"wpforms-field wpforms-field-text\" data-field-id=\"12\"><label class=\"wpforms-field-label\" for=\"wpforms-2162-field_12\">Nombre y Apellidos <span class=\"wpforms-required-label\">*<\/span><\/label><input type=\"text\" id=\"wpforms-2162-field_12\" class=\"wpforms-field-medium wpforms-field-required\" name=\"wpforms[fields][12]\" required><\/div><div id=\"wpforms-2162-field_2-container\" class=\"wpforms-field wpforms-field-text\" data-field-id=\"2\"><label class=\"wpforms-field-label\" for=\"wpforms-2162-field_2\">Edad <span class=\"wpforms-required-label\">*<\/span><\/label><input type=\"text\" id=\"wpforms-2162-field_2\" class=\"wpforms-field-small wpforms-field-required\" name=\"wpforms[fields][2]\" required><\/div><div id=\"wpforms-2162-field_3-container\" class=\"wpforms-field wpforms-field-email\" data-field-id=\"3\"><label class=\"wpforms-field-label\" for=\"wpforms-2162-field_3\">E-Mail <span class=\"wpforms-required-label\">*<\/span><\/label><input type=\"email\" id=\"wpforms-2162-field_3\" class=\"wpforms-field-medium wpforms-field-required\" name=\"wpforms[fields][3]\" spellcheck=\"false\" required><\/div><div id=\"wpforms-2162-field_4-container\" class=\"wpforms-field wpforms-field-text\" data-field-id=\"4\"><label class=\"wpforms-field-label\" for=\"wpforms-2162-field_4\">Tel\u00e9fono <span class=\"wpforms-required-label\">*<\/span><\/label><input type=\"text\" id=\"wpforms-2162-field_4\" class=\"wpforms-field-small wpforms-field-required\" name=\"wpforms[fields][4]\" required><\/div><div id=\"wpforms-2162-field_10-container\" class=\"wpforms-field wpforms-field-text\" data-field-id=\"10\"><label class=\"wpforms-field-label\" for=\"wpforms-2162-field_10\">Empresa <span class=\"wpforms-required-label\">*<\/span><\/label><input type=\"text\" id=\"wpforms-2162-field_10\" class=\"wpforms-field-small wpforms-field-required\" name=\"wpforms[fields][10]\" required><\/div><div id=\"wpforms-2162-field_11-container\" class=\"wpforms-field wpforms-field-text\" data-field-id=\"11\"><label class=\"wpforms-field-label\" for=\"wpforms-2162-field_11\">Cargo actual <span class=\"wpforms-required-label\">*<\/span><\/label><input type=\"text\" id=\"wpforms-2162-field_11\" class=\"wpforms-field-small wpforms-field-required\" name=\"wpforms[fields][11]\" required><\/div><div id=\"wpforms-2162-field_13-container\" class=\"wpforms-field wpforms-field-checkbox\" data-field-id=\"13\"><label class=\"wpforms-field-label\"> \u00bfCu\u00e1l es su nivel de ingl\u00e9s? <span class=\"wpforms-required-label\">*<\/span><\/label><ul id=\"wpforms-2162-field_13\" class=\"wpforms-field-required\"><li class=\"choice-1 depth-1\"><input type=\"checkbox\" id=\"wpforms-2162-field_13_1\" name=\"wpforms[fields][13][]\" value=\"Bajo\" required ><label class=\"wpforms-field-label-inline\" for=\"wpforms-2162-field_13_1\">Bajo<\/label><\/li><li class=\"choice-2 depth-1\"><input type=\"checkbox\" id=\"wpforms-2162-field_13_2\" name=\"wpforms[fields][13][]\" value=\"Medio\" required ><label class=\"wpforms-field-label-inline\" for=\"wpforms-2162-field_13_2\">Medio<\/label><\/li><li class=\"choice-3 depth-1\"><input type=\"checkbox\" id=\"wpforms-2162-field_13_3\" name=\"wpforms[fields][13][]\" value=\"Alto\" required ><label class=\"wpforms-field-label-inline\" for=\"wpforms-2162-field_13_3\">Alto<\/label><\/li><\/ul><\/div><div id=\"wpforms-2162-field_14-container\" class=\"wpforms-field wpforms-field-checkbox\" data-field-id=\"14\"><label class=\"wpforms-field-label\"> \u00bfCu\u00e1l es su nivel de franc\u00e9s? <span class=\"wpforms-required-label\">*<\/span><\/label><ul id=\"wpforms-2162-field_14\" class=\"wpforms-field-required\"><li class=\"choice-1 depth-1\"><input type=\"checkbox\" id=\"wpforms-2162-field_14_1\" name=\"wpforms[fields][14][]\" value=\"Bajo\" required ><label class=\"wpforms-field-label-inline\" for=\"wpforms-2162-field_14_1\">Bajo<\/label><\/li><li class=\"choice-2 depth-1\"><input type=\"checkbox\" id=\"wpforms-2162-field_14_2\" name=\"wpforms[fields][14][]\" value=\"Medio\" required ><label class=\"wpforms-field-label-inline\" for=\"wpforms-2162-field_14_2\">Medio<\/label><\/li><li class=\"choice-3 depth-1\"><input type=\"checkbox\" id=\"wpforms-2162-field_14_3\" name=\"wpforms[fields][14][]\" value=\"Alto\" required ><label class=\"wpforms-field-label-inline\" for=\"wpforms-2162-field_14_3\">Alto<\/label><\/li><\/ul><\/div><div id=\"wpforms-2162-field_7-container\" class=\"wpforms-field wpforms-field-checkbox\" data-field-id=\"7\"><label class=\"wpforms-field-label\">\u00bfEres ex-alumno\/a de universidades canadienses? <span class=\"wpforms-required-label\">*<\/span><\/label><ul id=\"wpforms-2162-field_7\" class=\"wpforms-field-required\"><li class=\"choice-2 depth-1\"><input type=\"checkbox\" id=\"wpforms-2162-field_7_2\" name=\"wpforms[fields][7][]\" value=\"NO\" required ><label class=\"wpforms-field-label-inline\" for=\"wpforms-2162-field_7_2\">NO<\/label><\/li><li class=\"choice-4 depth-1\"><input type=\"checkbox\" id=\"wpforms-2162-field_7_4\" name=\"wpforms[fields][7][]\" value=\"S\u00cd\" required ><label class=\"wpforms-field-label-inline\" for=\"wpforms-2162-field_7_4\">S\u00cd<\/label><\/li><\/ul><div class=\"wpforms-field-description\">En caso de ser ex-alumno\/a complete a continuaci\u00f3n el \"lugar\" y \"campo\" de estudio. <\/div><\/div><div id=\"wpforms-2162-field_8-container\" class=\"wpforms-field wpforms-field-text\" data-field-id=\"8\"><label class=\"wpforms-field-label\" for=\"wpforms-2162-field_8\">Lugar de estudio<\/label><input type=\"text\" id=\"wpforms-2162-field_8\" class=\"wpforms-field-medium\" name=\"wpforms[fields][8]\" ><\/div><div id=\"wpforms-2162-field_9-container\" class=\"wpforms-field wpforms-field-text\" data-field-id=\"9\"><label class=\"wpforms-field-label\" for=\"wpforms-2162-field_9\">Campo de estudio<\/label><input type=\"text\" id=\"wpforms-2162-field_9\" class=\"wpforms-field-medium\" name=\"wpforms[fields][9]\" ><\/div><\/div><!-- .wpforms-field-container --><div class=\"wpforms-recaptcha-container wpforms-is-recaptcha wpforms-is-recaptcha-type-v3\" ><input type=\"hidden\" name=\"wpforms[recaptcha]\" value=\"\"><\/div><div class=\"wpforms-submit-container\" ><input type=\"hidden\" name=\"wpforms[id]\" value=\"2162\"><input type=\"hidden\" name=\"page_title\" value=\"\"><input type=\"hidden\" name=\"page_url\" value=\"http:\/\/ccec.com.ec\/en\/wp-json\/wp\/v2\/pages\/2151\"><input type=\"hidden\" name=\"url_referer\" value=\"\"><button type=\"submit\" name=\"wpforms[submit]\" id=\"wpforms-submit-2162\" class=\"wpforms-submit\" data-alt-text=\"Enviando...\" data-submit-text=\"Enviar Registro\" aria-live=\"assertive\" value=\"wpforms-submit\">Enviar Registro<\/button><\/div><\/form><\/div>  <!-- .wpforms-container --><\/p>\n\n\t\t<\/div>\n\t<\/div>\n<\/div><\/div><\/div><div class=\"wpb_column vc_column_container vc_col-sm-2\"><div class=\"vc_column-inner\"><div class=\"wpb_wrapper\"><\/div><\/div><\/div><\/div><div class=\"vc_row-full-width vc_clearfix\"><\/div><div class=\"vc_row wpb_row vc_row-fluid\"><div class=\"wpb_column vc_column_container vc_col-sm-2\"><div class=\"vc_column-inner\"><div class=\"wpb_wrapper\"><\/div><\/div><\/div><div class=\"wpb_column vc_column_container vc_col-sm-8\"><div class=\"vc_column-inner\"><div class=\"wpb_wrapper\">\n\t<div class=\"wpb_text_column wpb_content_element \" >\n\t\t<div class=\"wpb_wrapper\">\n\t\t\t<h3>Con el auspicio de:<\/h3>\n\n\t\t<\/div>\n\t<\/div>\n\n\t<div  class=\"wpb_single_image wpb_content_element vc_align_center\">\n\t\t\n\t\t<figure class=\"wpb_wrapper vc_figure\">\n\t\t\t<div class=\"vc_single_image-wrapper   vc_box_border_grey\"><img decoding=\"async\" width=\"885\" height=\"175\" src=\"http:\/\/ccec.com.ec\/wp-content\/uploads\/2021\/06\/logos-auspiciantes_OKKK.jpg\" class=\"vc_single_image-img attachment-full\" alt=\"\" srcset=\"http:\/\/ccec.com.ec\/wp-content\/uploads\/2021\/06\/logos-auspiciantes_OKKK.jpg 885w, http:\/\/ccec.com.ec\/wp-content\/uploads\/2021\/06\/logos-auspiciantes_OKKK-300x59.jpg 300w, http:\/\/ccec.com.ec\/wp-content\/uploads\/2021\/06\/logos-auspiciantes_OKKK-768x152.jpg 768w, http:\/\/ccec.com.ec\/wp-content\/uploads\/2021\/06\/logos-auspiciantes_OKKK-705x139.jpg 705w, http:\/\/ccec.com.ec\/wp-content\/uploads\/2021\/06\/logos-auspiciantes_OKKK-450x89.jpg 450w\" sizes=\"(max-width: 885px) 100vw, 885px\" \/><\/div>\n\t\t<\/figure>\n\t<\/div>\n<\/div><\/div><\/div><div class=\"wpb_column vc_column_container vc_col-sm-2\"><div class=\"vc_column-inner\"><div class=\"wpb_wrapper\"><\/div><\/div><\/div><\/div>","protected":false},"excerpt":{"rendered":"La C\u00e1mara de Comercio Ecuatoriano-Canadiense QuitoTe invita a celebrar el D\u00eda de Canad\u00e1 en la primera edici\u00f3n de:ALUMNI TALKS el mi\u00e9rcoles 23 de Junio. Conoce la historia de personas que han tenido la oportunidad de estudiar en Canad\u00e1, y como esto les permiti\u00f3 cambiar su vida.Participa en este gran evento y conoce todo lo que [...]","protected":false},"author":1,"featured_media":0,"parent":0,"menu_order":0,"comment_status":"closed","ping_status":"closed","template":"","meta":{"footnotes":""},"class_list":["post-2151","page","type-page","status-publish","hentry"],"_links":{"self":[{"href":"http:\/\/ccec.com.ec\/en\/wp-json\/wp\/v2\/pages\/2151","targetHints":{"allow":["GET"]}}],"collection":[{"href":"http:\/\/ccec.com.ec\/en\/wp-json\/wp\/v2\/pages"}],"about":[{"href":"http:\/\/ccec.com.ec\/en\/wp-json\/wp\/v2\/types\/page"}],"author":[{"embeddable":true,"href":"http:\/\/ccec.com.ec\/en\/wp-json\/wp\/v2\/users\/1"}],"replies":[{"embeddable":true,"href":"http:\/\/ccec.com.ec\/en\/wp-json\/wp\/v2\/comments?post=2151"}],"version-history":[{"count":32,"href":"http:\/\/ccec.com.ec\/en\/wp-json\/wp\/v2\/pages\/2151\/revisions"}],"predecessor-version":[{"id":2903,"href":"http:\/\/ccec.com.ec\/en\/wp-json\/wp\/v2\/pages\/2151\/revisions\/2903"}],"wp:attachment":[{"href":"http:\/\/ccec.com.ec\/en\/wp-json\/wp\/v2\/media?parent=2151"}],"curies":[{"name":"wp","href":"https:\/\/api.w.org\/{rel}","templated":true}]}}