{"id":1889,"date":"2020-04-15T02:04:32","date_gmt":"2020-04-15T07:04:32","guid":{"rendered":"http:\/\/ccec.com.ec\/?page_id=1889"},"modified":"2021-03-19T14:39:37","modified_gmt":"2021-03-19T19:39:37","slug":"petroleo-gas","status":"publish","type":"page","link":"http:\/\/ccec.com.ec\/en\/petroleo-gas\/","title":{"rendered":"Oil and Gas"},"content":{"rendered":"<div id='full_slider_1' class='avia-fullwidth-slider main_color avia-shadow   avia-builder-el-0  el_before_av_two_third  avia-builder-el-first   container_wrap fullsize' style=' '  ><div  data-size='entry_without_sidebar'  data-lightbox_size='large'  data-animation='slide'  data-conditional_play=''  data-ids='1887'  data-video_counter='0'  data-autoplay='false'  data-bg_slider='false'  data-slide_height=''  data-handle='av_slideshow_full'  data-interval='1'  data-class=' '  data-css_id=''  data-scroll_down=''  data-control_layout='av-control-default'  data-custom_markup=''  data-perma_caption=''  data-autoplay_stopper=''  data-image_attachment=''  data-min_height='0px'  data-src=''  data-position='top left'  data-repeat='no-repeat'  data-attach='scroll'  data-stretch=''  data-default-height='34.95867768595'  class='avia-slideshow avia-slideshow-1  av-control-default av-default-height-applied avia-slideshow-entry_without_sidebar av_slideshow_full   avia-slide-slider'  itemprop=\"image\" itemscope=\"itemscope\" itemtype=\"https:\/\/schema.org\/ImageObject\" ><ul class='avia-slideshow-inner' style='padding-bottom: 34.95867768595%;' ><li  class='av-single-slide slide-1' ><div data-rel='slideshow-1' class='avia-slide-wrap'   ><img src='http:\/\/ccec.com.ec\/wp-content\/uploads\/2020\/04\/mineria.grande.jpg' width='1210' height='423' title='mineria.grande' alt=''  itemprop=\"thumbnailUrl\"   \/><\/div><\/li><\/ul><\/div><\/div><div id='after_full_slider_1' class='main_color av_default_container_wrap container_wrap fullsize' style=' '  ><div class='container' ><div class='template-page content  av-content-full alpha units'><div class='post-entry post-entry-type-page post-entry-1889'><div class='entry-content-wrapper clearfix'>\n<div class=\"flex_column av_two_third  flex_column_div av-zero-column-padding first  avia-builder-el-1  el_after_av_slideshow_full  el_before_av_one_third  avia-builder-el-first\" style='border-radius:0px; '><div style='padding-bottom:10px; ' class='av-special-heading av-special-heading-h2    avia-builder-el-2  el_before_av_textblock  avia-builder-el-first'><h2 class='av-special-heading-tag'  itemprop=\"headline\"  >Oil and Gas<\/h2><div class='special-heading-border'><div class='special-heading-inner-border' ><\/div><\/div><\/div><br \/>\n<section class=\"av_textblock_section\"  itemscope=\"itemscope\" itemtype=\"https:\/\/schema.org\/CreativeWork\" ><div class='avia_textblock'   itemprop=\"text\" ><p style=\"text-align: justify;\"><span style=\"color: #333333;\">Ecuador tiene larga data en el sector petrolero, mismo que tuvo su auge en los a\u00f1os 70 del siglo pasado. Seg\u00fan estimaciones de la autoridad petrolera, el pa\u00eds cuenta con reservas probadas de aproximadamente 4800 millones de barriles de petr\u00f3leo.<\/span><\/p>\n<p style=\"text-align: justify;\">En la actualidad la producci\u00f3n diaria est\u00e1 en alrededor de 530.000 barriles de petr\u00f3leo, mismos que provienen de aproximadamente 2400 pozos que se encuentran operando regularmente. De esta cifra, el 85% de la producci\u00f3n nacional proviene de la empresa p\u00fablica Petroamazonas misma que cuenta con su brazo comercializador, la empresa p\u00fablica Petrocomercial. El objetivo del estado ecuatoriano es incrementar la producci\u00f3n de barriles de petr\u00f3leo por d\u00eda, ya que cuenta con las reservas suficientes para esto, para lo cual existe la decisi\u00f3n de invertir en infraestructura para aumentar la capacidad instalada.<\/p>\n<p style=\"text-align: justify;\">Ecuador ha sido parte de la Organizaci\u00f3n de Pa\u00edses Exportadores de Petr\u00f3leo OPEP de manera intermitente, en la actualidad no forma parte de dicha organizaci\u00f3n.<\/p>\n<p style=\"text-align: justify;\">Ecuador cuenta con refiner\u00edas para obtener derivados, sin embargo, la capacidad instalada de las mismas es muy inferior a la cantidad de barriles que se producen al d\u00eda, por lo que existen ya proyectos para construir una nueva refiner\u00eda que ampl\u00ede la capacidad de refino.<\/p>\n<p style=\"text-align: justify;\">En cuanto a la industria gas\u00edfera ecuatoriana, \u00e9sta a\u00fan es incipiente. Cuenta con una producci\u00f3n diaria de alrededor de 28.000 (miles de pies c\u00fabicos). Esta industria presenta altas posibilidades de crecimiento por la riqueza que tiene el pa\u00eds, sin embargo, se requiere una mayor inversi\u00f3n en exploraci\u00f3n y explotaci\u00f3n.<\/p>\n<p style=\"text-align: justify;\">Ma\u00f1ana en la ma\u00f1ana te enviar\u00eda los otros dos temas, pero si no lo hiciera, por lo menos contar con estos dos temas ya colgados a fin de poder presentarlo como ejemplo en la reuni\u00f3n que tengo a las 11 am con el Comit\u00e9 de Energ\u00eda de la C\u00e1mara.<\/p>\n<\/div><\/section><\/div>\n<div class=\"flex_column av_one_third  flex_column_div av-zero-column-padding   avia-builder-el-4  el_after_av_two_third  avia-builder-el-last\" style='border-radius:0px; '><div style='padding-bottom:10px; ' class='av-special-heading av-special-heading-h2    avia-builder-el-5  el_before_av_magazine  avia-builder-el-first'><h2 class='av-special-heading-tag'  itemprop=\"headline\"  >Publicaciones<\/h2><div class='special-heading-border'><div class='special-heading-inner-border' ><\/div><\/div><\/div><br \/>\n<div id='av-magazine-1' class='av-magazine   avia-builder-el-6  el_after_av_heading  avia-builder-el-last    av-magazine-top-bar-active av-magazine-tabs-active' ><div class='av-magazine-top-bar' ><\/div><\/div><\/div>","protected":false},"excerpt":{"rendered":"Petr\u00f3leo y Gas Ecuador tiene larga data en el sector petrolero, mismo que tuvo su auge en los a\u00f1os 70 del siglo pasado. Seg\u00fan estimaciones de la autoridad petrolera, el pa\u00eds cuenta con reservas probadas de aproximadamente 4800 millones de barriles de petr\u00f3leo. En la actualidad la producci\u00f3n diaria est\u00e1 en alrededor de 530.000 barriles [...]","protected":false},"author":3,"featured_media":0,"parent":0,"menu_order":0,"comment_status":"closed","ping_status":"closed","template":"","meta":{"footnotes":""},"class_list":["post-1889","page","type-page","status-publish","hentry"],"_links":{"self":[{"href":"http:\/\/ccec.com.ec\/en\/wp-json\/wp\/v2\/pages\/1889","targetHints":{"allow":["GET"]}}],"collection":[{"href":"http:\/\/ccec.com.ec\/en\/wp-json\/wp\/v2\/pages"}],"about":[{"href":"http:\/\/ccec.com.ec\/en\/wp-json\/wp\/v2\/types\/page"}],"author":[{"embeddable":true,"href":"http:\/\/ccec.com.ec\/en\/wp-json\/wp\/v2\/users\/3"}],"replies":[{"embeddable":true,"href":"http:\/\/ccec.com.ec\/en\/wp-json\/wp\/v2\/comments?post=1889"}],"version-history":[{"count":6,"href":"http:\/\/ccec.com.ec\/en\/wp-json\/wp\/v2\/pages\/1889\/revisions"}],"predecessor-version":[{"id":2588,"href":"http:\/\/ccec.com.ec\/en\/wp-json\/wp\/v2\/pages\/1889\/revisions\/2588"}],"wp:attachment":[{"href":"http:\/\/ccec.com.ec\/en\/wp-json\/wp\/v2\/media?parent=1889"}],"curies":[{"name":"wp","href":"https:\/\/api.w.org\/{rel}","templated":true}]}}