{"id":1880,"date":"2020-04-15T01:52:26","date_gmt":"2020-04-15T06:52:26","guid":{"rendered":"http:\/\/ccec.com.ec\/?page_id=1880"},"modified":"2020-06-04T15:45:49","modified_gmt":"2020-06-04T20:45:49","slug":"energia-renovables","status":"publish","type":"page","link":"http:\/\/ccec.com.ec\/en\/energia-renovables\/","title":{"rendered":"Renewable Energy"},"content":{"rendered":"<div id='full_slider_1' class='avia-fullwidth-slider main_color avia-shadow   avia-builder-el-0  el_before_av_two_third  avia-builder-el-first   container_wrap fullsize' style=' '  ><div  data-size='entry_without_sidebar'  data-lightbox_size='large'  data-animation='slide'  data-conditional_play=''  data-ids='1881'  data-video_counter='0'  data-autoplay='false'  data-bg_slider='false'  data-slide_height=''  data-handle='av_slideshow_full'  data-interval='1'  data-class=' '  data-css_id=''  data-scroll_down=''  data-control_layout='av-control-default'  data-custom_markup=''  data-perma_caption=''  data-autoplay_stopper=''  data-image_attachment=''  data-min_height='0px'  data-src=''  data-position='top left'  data-repeat='no-repeat'  data-attach='scroll'  data-stretch=''  data-default-height='34.95867768595'  class='avia-slideshow avia-slideshow-1  av-control-default av-default-height-applied avia-slideshow-entry_without_sidebar av_slideshow_full   avia-slide-slider'  itemprop=\"image\" itemscope=\"itemscope\" itemtype=\"https:\/\/schema.org\/ImageObject\" ><ul class='avia-slideshow-inner' style='padding-bottom: 34.95867768595%;' ><li  class='av-single-slide slide-1' ><div data-rel='slideshow-1' class='avia-slide-wrap'   ><img src='http:\/\/ccec.com.ec\/wp-content\/uploads\/2020\/04\/renovable.grande.jpg' width='1210' height='423' title='renovable.grande' alt=''  itemprop=\"thumbnailUrl\"   \/><\/div><\/li><\/ul><\/div><\/div><div id='after_full_slider_1' class='main_color av_default_container_wrap container_wrap fullsize' style=' '  ><div class='container' ><div class='template-page content  av-content-full alpha units'><div class='post-entry post-entry-type-page post-entry-1880'><div class='entry-content-wrapper clearfix'>\n<div class=\"flex_column av_two_third  flex_column_div av-zero-column-padding first  avia-builder-el-1  el_after_av_slideshow_full  el_before_av_one_third  avia-builder-el-first\" style='border-radius:0px; '><div style='padding-bottom:10px; ' class='av-special-heading av-special-heading-h2    avia-builder-el-2  el_before_av_textblock  avia-builder-el-first'><h2 class='av-special-heading-tag'  itemprop=\"headline\"  >Energ\u00eda Renovable<\/h2><div class='special-heading-border'><div class='special-heading-inner-border' ><\/div><\/div><\/div><br \/>\n<section class=\"av_textblock_section\"  itemscope=\"itemscope\" itemtype=\"https:\/\/schema.org\/CreativeWork\" ><div class='avia_textblock'   itemprop=\"text\" ><p style=\"text-align: justify;\">Al contrario del pensamiento popular, el texto de Lorem Ipsum no es simplemente texto aleatorio. Tiene sus raices en una pieza cl\u00b4sica de la literatura del Latin, que data del a\u00f1o 45 antes de Cristo, haciendo que este adquiera mas de 2000 a\u00f1os de antiguedad. Richard McClintock, un profesor de Latin de la Universidad de Hampden-Sydney en Virginia, encontr\u00f3 una de las palabras m\u00e1s oscuras de la lengua del lat\u00edn, \u00abconsecteur\u00bb, en un pasaje de Lorem Ipsum, y al seguir leyendo distintos textos del lat\u00edn, descubri\u00f3 la fuente indudable. Lorem Ipsum viene de las secciones 1.10.32 y 1.10.33 de \u00abde Finnibus Bonorum et Malorum\u00bb (Los Extremos del Bien y El Mal) por Cicero, escrito en el a\u00f1o 45 antes de Cristo. Este libro es un tratado de teor\u00eda de \u00e9ticas, muy popular durante el Renacimiento. La primera linea del Lorem Ipsum, \u00abLorem ipsum dolor sit amet..\u00bb, viene de una linea en la secci\u00f3n 1.10.32<\/p>\n<p style=\"text-align: justify;\">El trozo de texto est\u00e1ndar de Lorem Ipsum usado desde el a\u00f1o 1500 es reproducido debajo para aquellos interesados. Las secciones 1.10.32 y 1.10.33 de \u00abde Finibus Bonorum et Malorum\u00bb por Cicero son tambi\u00e9n reproducidas en su forma original exacta, acompa\u00f1adas por versiones en Ingl\u00e9s de la traducci\u00f3n realizada en 1914 por H. Rackham.<\/p>\n<\/div><\/section><\/div>\n<div class=\"flex_column av_one_third  flex_column_div av-zero-column-padding   avia-builder-el-4  el_after_av_two_third  avia-builder-el-last\" style='border-radius:0px; '><div style='padding-bottom:10px; ' class='av-special-heading av-special-heading-h2    avia-builder-el-5  el_before_av_magazine  avia-builder-el-first'><h2 class='av-special-heading-tag'  itemprop=\"headline\"  >Publicaciones<\/h2><div class='special-heading-border'><div class='special-heading-inner-border' ><\/div><\/div><\/div><br \/>\n<div id='av-magazine-1' class='av-magazine   avia-builder-el-6  el_after_av_heading  avia-builder-el-last    av-magazine-top-bar-active av-magazine-tabs-active' ><div class='av-magazine-top-bar' ><\/div><div class='av-magazine-group sort_all'><article class='hentry av-magazine-entry av-magazine-entry-id-1833 av-magazine-format-standard av-magazine-type-post av-magazine-entry-1 av-magazine-entry-small'  itemscope=\"itemscope\" itemtype=\"https:\/\/schema.org\/CreativeWork\" ><div class='av-magazine-thumbnail'><a href='http:\/\/ccec.com.ec\/en\/2020\/04\/14\/el-autoconsumo-de-energia-una-via-alternativa-para-el-desarrollo\/' title='Link to: EL AUTOCONSUMO DE ENERG\u00cdA \u201cUNA V\u00cdA ALTERNATIVA PARA EL DESARROLLO\u201d' class='av-magazine-thumbnail-link'><img decoding=\"async\" width=\"80\" height=\"80\" src=\"http:\/\/ccec.com.ec\/wp-content\/uploads\/2020\/04\/articulo.uno_-80x80.jpg\" class=\"attachment-thumbnail size-thumbnail wp-post-image\" alt=\"\" srcset=\"http:\/\/ccec.com.ec\/wp-content\/uploads\/2020\/04\/articulo.uno_-80x80.jpg 80w, http:\/\/ccec.com.ec\/wp-content\/uploads\/2020\/04\/articulo.uno_-36x36.jpg 36w, http:\/\/ccec.com.ec\/wp-content\/uploads\/2020\/04\/articulo.uno_-180x180.jpg 180w, http:\/\/ccec.com.ec\/wp-content\/uploads\/2020\/04\/articulo.uno_-120x120.jpg 120w, http:\/\/ccec.com.ec\/wp-content\/uploads\/2020\/04\/articulo.uno_-450x450.jpg 450w\" sizes=\"(max-width: 80px) 100vw, 80px\" \/><\/a><\/div><div class='av-magazine-content-wrap'><header class='entry-content-header'><time class='av-magazine-time updated'  itemprop=\"datePublished\" datetime=\"2020-04-14T23:33:15-05:00\" >2020-04-14<\/time><span class='av-magazine-text-sep text-sep-date'>\/<\/span><span class=\"av-magazine-author minor-meta\">by <span class=\"av-magazine-author-link\"  itemprop=\"author\" ><span class='av-magazine-author meta-color vcard author'><span class='fn'><a href=\"http:\/\/ccec.com.ec\/en\/author\/blog-scevallos\/\" title=\"by Santiago Cevallos\" rel=\"author\">Santiago Cevallos<\/a><\/span><\/span><\/span><\/span><h3 class='av-magazine-title entry-title'  itemprop=\"headline\" ><a href='http:\/\/ccec.com.ec\/en\/2020\/04\/14\/el-autoconsumo-de-energia-una-via-alternativa-para-el-desarrollo\/' title='Link to: EL AUTOCONSUMO DE ENERG\u00cdA \u201cUNA V\u00cdA ALTERNATIVA PARA EL DESARROLLO\u201d'>EL AUTOCONSUMO DE ENERG\u00cdA \u201cUNA V\u00cdA ALTERNATIVA PARA EL DESARROLLO\u201d<\/a><\/h3><\/header><\/div><footer class='entry-footer'><\/footer><\/article><\/div><\/div><\/div>","protected":false},"excerpt":{"rendered":"Energ\u00eda Renovable Al contrario del pensamiento popular, el texto de Lorem Ipsum no es simplemente texto aleatorio. Tiene sus raices en una pieza cl\u00b4sica de la literatura del Latin, que data del a\u00f1o 45 antes de Cristo, haciendo que este adquiera mas de 2000 a\u00f1os de antiguedad. Richard McClintock, un profesor de Latin de la [...]","protected":false},"author":3,"featured_media":0,"parent":0,"menu_order":0,"comment_status":"closed","ping_status":"closed","template":"","meta":{"footnotes":""},"class_list":["post-1880","page","type-page","status-publish","hentry"],"_links":{"self":[{"href":"http:\/\/ccec.com.ec\/en\/wp-json\/wp\/v2\/pages\/1880","targetHints":{"allow":["GET"]}}],"collection":[{"href":"http:\/\/ccec.com.ec\/en\/wp-json\/wp\/v2\/pages"}],"about":[{"href":"http:\/\/ccec.com.ec\/en\/wp-json\/wp\/v2\/types\/page"}],"author":[{"embeddable":true,"href":"http:\/\/ccec.com.ec\/en\/wp-json\/wp\/v2\/users\/3"}],"replies":[{"embeddable":true,"href":"http:\/\/ccec.com.ec\/en\/wp-json\/wp\/v2\/comments?post=1880"}],"version-history":[{"count":3,"href":"http:\/\/ccec.com.ec\/en\/wp-json\/wp\/v2\/pages\/1880\/revisions"}],"predecessor-version":[{"id":1997,"href":"http:\/\/ccec.com.ec\/en\/wp-json\/wp\/v2\/pages\/1880\/revisions\/1997"}],"wp:attachment":[{"href":"http:\/\/ccec.com.ec\/en\/wp-json\/wp\/v2\/media?parent=1880"}],"curies":[{"name":"wp","href":"https:\/\/api.w.org\/{rel}","templated":true}]}}